{"id":689,"date":"2021-10-05T12:52:39","date_gmt":"2021-10-05T12:52:39","guid":{"rendered":"https:\/\/themexriver.com\/wp\/fastrans\/?page_id=689"},"modified":"2022-06-16T00:37:42","modified_gmt":"2022-06-16T00:37:42","slug":"faqs","status":"publish","type":"page","link":"https:\/\/cglpanama.net\/en\/faqs\/","title":{"rendered":"Frequently Asked Questions"},"content":{"rendered":"<div data-elementor-type=\"wp-page\" data-elementor-id=\"689\" class=\"elementor elementor-689\">\n\t\t\t\t\t\t<section class=\"elementor-section elementor-top-section elementor-element elementor-element-e6b69c9 elementor-section-full_width elementor-section-height-default elementor-section-height-default\" data-id=\"e6b69c9\" data-element_type=\"section\">\n\t\t\t\t\t\t<div class=\"elementor-container elementor-column-gap-default\">\n\t\t\t\t\t<div class=\"elementor-column elementor-col-100 elementor-top-column elementor-element elementor-element-0c37c6e\" data-id=\"0c37c6e\" data-element_type=\"column\">\n\t\t\t<div class=\"elementor-widget-wrap elementor-element-populated\">\n\t\t\t\t\t\t<div class=\"elementor-element elementor-element-4753bf5 elementor-widget elementor-widget-fastrans_our_faqs\" data-id=\"4753bf5\" data-element_type=\"widget\" data-widget_type=\"fastrans_our_faqs.default\">\n\t\t\t\t<div class=\"elementor-widget-container\">\n\t\t\t\t\t\t\t\t\t\t\t\t\t\t\t\t\t\t\t\t\t\t\t\t\t\t\t\t\t\t\t\t\t\t\t\t\t\t\t\t\t\t\t\t\t\t\t\t\t\t\t\t\t\t\t\t\t\t\t\t\n            \n            <!-- Start of faq  section\n            ============================================= -->\n            <section id=\"ft-faq-page\" class=\"ft-faq-page-section page-padding\">\n                <div class=\"container\">\n                    <div class=\"ft-faq-page-top-content d-flex justify-content-between align-items-end flex-wrap\">\n                                                <div class=\"ft-section-title-2 headline pera-content\">\n                            <h2>These are the Questions more  <span>Frequent<\/span><\/h2>\n                        <\/div>\n                                                                        <div class=\"ft-btn-3\">\n                            <a class=\"d-flex justify-content-center align-items-center\" href=\"https:\/\/cglpanama.net\/en\/contacto\/\">Contact us <i class=\"flaticon-right-arrow\"><\/i><\/a>\n                        <\/div>\n                                            <\/div>\n                    <div class=\"ft-faq-content\">\n                        <div class=\"row\">\n                            <div class=\"col-lg-6\">\n                                <div class=\"accordion\" id=\"accordionExample\">\n                                    \t\t\t\t\t\t\t\t\t\t<div class=\"accordion-item headline pera-content\">\n\t\t\t\t\t\t\t\t\t\t\t\t<h2 class=\"accordion-header\" id=\"headingOne1\">\n\t\t\t\t\t\t\t\t\t\t\t\t\t<button class=\"accordion-button\" type=\"button\" data-bs-toggle=\"collapse\" data-bs-target=\"#collapseOne1\" aria-expanded=\"true\">\n\t\t\t\t\t\t\t\t\t\t\t\t\t\tDo you make the comparison between actual weight and weight to volume?\n\t\t\t\t\t\t\t\t\t\t\t\t\t<\/button>\n\t\t\t\t\t\t\t\t\t\t\t\t<\/h2>\n\t\t\t\t\t\t\t\t\t\t\t\t<div id=\"collapseOne1\" class=\"accordion-collapse collapse show\" data-bs-parent=\"#accordionExample\">\n\t\t\t\t\t\t\t\t\t\t\t\t\t<div class=\"accordion-body\">\n\t\t\t\t\t\t\t\t\t\t\t\t\t\tYes, we make the comparison between actual weight and weight to volume, using the highest to estimate the charge for freight. \n\t\t\t\t\t\t\t\t\t\t\t\t\t<\/div>\n\t\t\t\t\t\t\t\t\t\t\t\t<\/div>\n\t\t\t\t\t\t\t\t\t\t\t<\/div>                                    \t\t\t\t\t\t\t\t\t\t<div class=\"accordion-item headline pera-content\">\n\t\t\t\t\t\t\t\t\t\t\t\t<h2 class=\"accordion-header\" id=\"headingOne3\">\n\t\t\t\t\t\t\t\t\t\t\t\t\t<button class=\"accordion-button collapsed\" type=\"button\" data-bs-toggle=\"collapse\" data-bs-target=\"#collapseOne3\" aria-expanded=\"true\">\n\t\t\t\t\t\t\t\t\t\t\t\t\t\tWhat is the location of the premises?\n\t\t\t\t\t\t\t\t\t\t\t\t\t<\/button>\n\t\t\t\t\t\t\t\t\t\t\t\t<\/h2>\n\t\t\t\t\t\t\t\t\t\t\t\t<div id=\"collapseOne3\" class=\"accordion-collapse collapse\" data-bs-parent=\"#accordionExample\">\n\t\t\t\t\t\t\t\t\t\t\t\t\t<div class=\"accordion-body\">\n\t\t\t\t\t\t\t\t\t\t\t\t\t\tWe are located on the ground floor \u2013 right (local #2) of the building Delta Real, the Royal Road to Bethany in Bethany, Panama. \n\t\t\t\t\t\t\t\t\t\t\t\t\t<\/div>\n\t\t\t\t\t\t\t\t\t\t\t\t<\/div>\n\t\t\t\t\t\t\t\t\t\t\t<\/div>                                    \t\t\t\t\t\t\t\t\t\t<div class=\"accordion-item headline pera-content\">\n\t\t\t\t\t\t\t\t\t\t\t\t<h2 class=\"accordion-header\" id=\"headingOne5\">\n\t\t\t\t\t\t\t\t\t\t\t\t\t<button class=\"accordion-button collapsed\" type=\"button\" data-bs-toggle=\"collapse\" data-bs-target=\"#collapseOne5\" aria-expanded=\"true\">\n\t\t\t\t\t\t\t\t\t\t\t\t\t\tHow it works the import maritime and what would be its cost?\n\t\t\t\t\t\t\t\t\t\t\t\t\t<\/button>\n\t\t\t\t\t\t\t\t\t\t\t\t<\/h2>\n\t\t\t\t\t\t\t\t\t\t\t\t<div id=\"collapseOne5\" class=\"accordion-collapse collapse\" data-bs-parent=\"#accordionExample\">\n\t\t\t\t\t\t\t\t\t\t\t\t\t<div class=\"accordion-body\">\n\t\t\t\t\t\t\t\t\t\t\t\t\t\tAl ser nosotros una agencia de carga, buscamos entre varios operadores y navieras la mejor tarifa para ofrecer a nuestros clientes y usuarios, por lo tanto, las tarifas son din\u00e1micas. \n\t\t\t\t\t\t\t\t\t\t\t\t\t<\/div>\n\t\t\t\t\t\t\t\t\t\t\t\t<\/div>\n\t\t\t\t\t\t\t\t\t\t\t<\/div>                                                                    <\/div>\n                            <\/div>\n                            <div class=\"col-lg-6\">\n                                <div class=\"accordion\" id=\"accordionExampl2\">\n                                    \t\t\t\t\t\t\t\t\t\t<div class=\"accordion-item headline pera-content\">\n\t\t\t\t\t\t\t\t\t\t\t\t<h2 class=\"accordion-header\" id=\"#collapseOne22\">\n\t\t\t\t\t\t\t\t\t\t\t\t\t<button class=\"accordion-button collapsed\" type=\"button\" data-bs-toggle=\"collapse\" data-bs-target=\"#collapseOne22\" aria-expanded=\"true\">\n\t\t\t\t\t\t\t\t\t\t\t\t\t\tWhat are the fees to bring shopping and\/or courier from Miami?\n\t\t\t\t\t\t\t\t\t\t\t\t\t<\/button>\n\t\t\t\t\t\t\t\t\t\t\t\t<\/h2>\n\t\t\t\t\t\t\t\t\t\t\t\t<div id=\"collapseOne22\" class=\"accordion-collapse collapse\" data-bs-parent=\"#accordionExampl2\">\n\t\t\t\t\t\t\t\t\t\t\t\t\t<div class=\"accordion-body\">\n\t\t\t\t\t\t\t\t\t\t\t\t\t\tNuestras tarifas por flete a\u00e9reo desde MIAMI son: Paquetes de 1lb de peso: $3.00 \/ lb Paquetes de 2 a 25lb de peso: $2.40 \/ lb Paquetes de 26lb en adelante: $2.00 \/ lb Al subtotal del valor del flete ... \n\t\t\t\t\t\t\t\t\t\t\t\t\t<\/div>\n\t\t\t\t\t\t\t\t\t\t\t\t<\/div>\n\t\t\t\t\t\t\t\t\t\t\t<\/div>                                    \t\t\t\t\t\t\t\t\t\t<div class=\"accordion-item headline pera-content\">\n\t\t\t\t\t\t\t\t\t\t\t\t<h2 class=\"accordion-header\" id=\"#collapseOne24\">\n\t\t\t\t\t\t\t\t\t\t\t\t\t<button class=\"accordion-button collapsed\" type=\"button\" data-bs-toggle=\"collapse\" data-bs-target=\"#collapseOne24\" aria-expanded=\"true\">\n\t\t\t\t\t\t\t\t\t\t\t\t\t\tWhat are the hours of care?\n\t\t\t\t\t\t\t\t\t\t\t\t\t<\/button>\n\t\t\t\t\t\t\t\t\t\t\t\t<\/h2>\n\t\t\t\t\t\t\t\t\t\t\t\t<div id=\"collapseOne24\" class=\"accordion-collapse collapse\" data-bs-parent=\"#accordionExampl2\">\n\t\t\t\t\t\t\t\t\t\t\t\t\t<div class=\"accordion-body\">\n\t\t\t\t\t\t\t\t\t\t\t\t\t\tOur customer service hours are Monday through Friday from 8:00 am to 5:00 pm, closed Saturday and Sunday. \n\t\t\t\t\t\t\t\t\t\t\t\t\t<\/div>\n\t\t\t\t\t\t\t\t\t\t\t\t<\/div>\n\t\t\t\t\t\t\t\t\t\t\t<\/div>                                    \t\t\t\t\t\t\t\t\t\t<div class=\"accordion-item headline pera-content\">\n\t\t\t\t\t\t\t\t\t\t\t\t<h2 class=\"accordion-header\" id=\"#collapseOne26\">\n\t\t\t\t\t\t\t\t\t\t\t\t\t<button class=\"accordion-button collapsed\" type=\"button\" data-bs-toggle=\"collapse\" data-bs-target=\"#collapseOne26\" aria-expanded=\"true\">\n\t\t\t\t\t\t\t\t\t\t\t\t\t\tDo you pay any tax on purchases above $100 to go to Panama?\n\t\t\t\t\t\t\t\t\t\t\t\t\t<\/button>\n\t\t\t\t\t\t\t\t\t\t\t\t<\/h2>\n\t\t\t\t\t\t\t\t\t\t\t\t<div id=\"collapseOne26\" class=\"accordion-collapse collapse\" data-bs-parent=\"#accordionExampl2\">\n\t\t\t\t\t\t\t\t\t\t\t\t\t<div class=\"accordion-body\">\n\t\t\t\t\t\t\t\t\t\t\t\t\t\tEl servicio de importaci\u00f3n a\u00e9rea de carga o compras realizadas en Estados Unidos que ofrecemos incluye los impuestos de introducci\u00f3n, por lo tanto, no hay que cancelar impuestos adicionales. \n\t\t\t\t\t\t\t\t\t\t\t\t\t<\/div>\n\t\t\t\t\t\t\t\t\t\t\t\t<\/div>\n\t\t\t\t\t\t\t\t\t\t\t<\/div>                                                                    <\/div>\n                            <\/div>\n                        <\/div>\n                    <\/div>\n                                        <div class=\"ft-faq-contact-form-wrapper\">\n                        <div class=\"row\">\n                            <div class=\"col-lg-6\">\n                                <div class=\"ft-faq-contact-form-area\">\n                                                                        <div class=\"ft-section-title-2 headline pera-content\">\n                                        <span class=\"sub-title\">CONTACT<\/span>                    \t\t\t\t\t<h2>IF YOU HAVE MORE QUESTIONS<\/h2>                                    <\/div>\n                                                                        \n                                    \n<div class=\"wpcf7 no-js\" id=\"wpcf7-f757-o1\" lang=\"en-US\" dir=\"ltr\">\n<div class=\"screen-reader-response\"><p role=\"status\" aria-live=\"polite\" aria-atomic=\"true\"><\/p> <ul><\/ul><\/div>\n<form action=\"\/en\/wp-json\/wp\/v2\/pages\/689#wpcf7-f757-o1\" method=\"post\" class=\"wpcf7-form init\" aria-label=\"Contact form\" novalidate=\"novalidate\" data-status=\"init\" data-trp-original-action=\"\/en\/wp-json\/wp\/v2\/pages\/689#wpcf7-f757-o1\">\n<div style=\"display: none;\">\n<input type=\"hidden\" name=\"_wpcf7\" value=\"757\" \/>\n<input type=\"hidden\" name=\"_wpcf7_version\" value=\"5.8\" \/>\n<input type=\"hidden\" name=\"_wpcf7_locale\" value=\"en_US\" \/>\n<input type=\"hidden\" name=\"_wpcf7_unit_tag\" value=\"wpcf7-f757-o1\" \/>\n<input type=\"hidden\" name=\"_wpcf7_container_post\" value=\"0\" \/>\n<input type=\"hidden\" name=\"_wpcf7_posted_data_hash\" value=\"\" \/>\n<input type=\"hidden\" name=\"_wpcf7_recaptcha_response\" value=\"\" \/>\n<\/div>\n<p><span id=\"wpcf7-69e29c98e699c-wrapper\" class=\"wpcf7-form-control-wrap email-741-wrap\" ><label for=\"wpcf7-69e29c98e699c-field\" class=\"hp-message\">Please leave this field empty.<\/label><input id=\"wpcf7-69e29c98e699c-field\"  class=\"wpcf7-form-control wpcf7-text\" type=\"text\" name=\"email-741\" value=\"\" size=\"40\" tabindex=\"-1\" autocomplete=\"new-password\" \/><\/span>\n<\/p>\n<div class=\"row\">\n\t<div class=\"col-md-6\">\n\t\t<p><span class=\"wpcf7-form-control-wrap\" data-name=\"text-476\"><input size=\"40\" class=\"wpcf7-form-control wpcf7-text wpcf7-validates-as-required\" aria-required=\"true\" aria-invalid=\"false\" placeholder=\"Name *\" value=\"\" type=\"text\" name=\"text-476\" \/><\/span>\n\t\t<\/p>\n\t<\/div>\n\t<div class=\"col-md-6\">\n\t\t<p><span class=\"wpcf7-form-control-wrap\" data-name=\"email-781\"><input size=\"40\" class=\"wpcf7-form-control wpcf7-email wpcf7-validates-as-required wpcf7-text wpcf7-validates-as-email\" aria-required=\"true\" aria-invalid=\"false\" placeholder=\"E-Mail *\" value=\"\" type=\"email\" name=\"email-781\" \/><\/span>\n\t\t<\/p>\n\t<\/div>\n\t<div class=\"col-md-12\">\n\t\t<p><span class=\"wpcf7-form-control-wrap\" data-name=\"textarea-377\"><textarea cols=\"40\" rows=\"10\" class=\"wpcf7-form-control wpcf7-textarea\" aria-invalid=\"false\" placeholder=\"Message *\" name=\"textarea-377\"><\/textarea><\/span>\n\t\t<\/p>\n\t<\/div>\n\t<div class=\"col-md-12\">\n\t\t<p><button class=\"ft-submit-btn\">Send <i class=\"flaticon-right-arrow\"><\/i><\/button>\n\t\t<\/p>\n\t<\/div>\n<\/div><div class=\"wpcf7-response-output\" aria-hidden=\"true\"><\/div>\n<input type=\"hidden\" name=\"trp-form-language\" value=\"en\"\/><\/form>\n<\/div>\n                                <\/div>\n                            <\/div>\n                                                        <div class=\"col-lg-6\">\n                                <div class=\"ft-faq-form-img\">\n                                    <img decoding=\"async\" data-src=\"https:\/\/cglpanama.net\/wp-content\/uploads\/2021\/10\/fq.jpg\" alt=\"Awesome Image\" src=\"data:image\/gif;base64,R0lGODlhAQABAAAAACH5BAEKAAEALAAAAAABAAEAAAICTAEAOw==\" class=\"lazyload\" style=\"--smush-placeholder-width: 570px; --smush-placeholder-aspect-ratio: 570\/518;\"><noscript><img decoding=\"async\" src=\"https:\/\/cglpanama.net\/wp-content\/uploads\/2021\/10\/fq.jpg\" alt=\"Awesome Image\"><\/noscript>\n                                <\/div>\n                            <\/div>\n                                                    <\/div>\n                    <\/div>\n                                    <\/div>\n            <\/section>\t\n        \t<!-- End of faq section\n            ============================================= -->\n                        \n        \t\t<\/div>\n\t\t\t\t<\/div>\n\t\t\t\t\t<\/div>\n\t\t<\/div>\n\t\t\t\t\t<\/div>\n\t\t<\/section>\n\t\t\t\t<\/div>","protected":false},"excerpt":{"rendered":"<p>Estas son las Preguntas m\u00e1s Frecuentes Cont\u00e1ctanos \u00bfHacen la comparaci\u00f3n entre peso real y peso volumen? S\u00ed, hacemos la comparaci\u00f3n entre peso real y peso volumen, utilizando el mayor para estimar el cargo por flete. \u00bfCu\u00e1l es la ubicaci\u00f3n del local? Estamos ubicados en la planta baja \u2013 derecha (local #2) del edificio Delta Real, [&hellip;]<\/p>","protected":false},"author":2,"featured_media":0,"parent":0,"menu_order":0,"comment_status":"closed","ping_status":"closed","template":"tpl-default-elementor.php","meta":{"_joinchat":[],"footnotes":""},"class_list":["post-689","page","type-page","status-publish","hentry"],"_links":{"self":[{"href":"https:\/\/cglpanama.net\/en\/wp-json\/wp\/v2\/pages\/689"}],"collection":[{"href":"https:\/\/cglpanama.net\/en\/wp-json\/wp\/v2\/pages"}],"about":[{"href":"https:\/\/cglpanama.net\/en\/wp-json\/wp\/v2\/types\/page"}],"author":[{"embeddable":true,"href":"https:\/\/cglpanama.net\/en\/wp-json\/wp\/v2\/users\/2"}],"replies":[{"embeddable":true,"href":"https:\/\/cglpanama.net\/en\/wp-json\/wp\/v2\/comments?post=689"}],"version-history":[{"count":8,"href":"https:\/\/cglpanama.net\/en\/wp-json\/wp\/v2\/pages\/689\/revisions"}],"predecessor-version":[{"id":2495,"href":"https:\/\/cglpanama.net\/en\/wp-json\/wp\/v2\/pages\/689\/revisions\/2495"}],"wp:attachment":[{"href":"https:\/\/cglpanama.net\/en\/wp-json\/wp\/v2\/media?parent=689"}],"curies":[{"name":"wp","href":"https:\/\/api.w.org\/{rel}","templated":true}]}}