{"id":430,"date":"2021-10-04T08:22:44","date_gmt":"2021-10-04T08:22:44","guid":{"rendered":"https:\/\/themexriver.com\/wp\/fastrans\/?page_id=430"},"modified":"2022-06-15T18:47:10","modified_gmt":"2022-06-15T18:47:10","slug":"quienes-somos","status":"publish","type":"page","link":"https:\/\/cglpanama.net\/en\/quienes-somos\/","title":{"rendered":"About Us"},"content":{"rendered":"<div data-elementor-type=\"wp-page\" data-elementor-id=\"430\" class=\"elementor elementor-430\">\n\t\t\t\t\t\t<section class=\"elementor-section elementor-top-section elementor-element elementor-element-231da23 elementor-section-full_width elementor-section-height-default elementor-section-height-default\" data-id=\"231da23\" data-element_type=\"section\">\n\t\t\t\t\t\t<div class=\"elementor-container elementor-column-gap-default\">\n\t\t\t\t\t<div class=\"elementor-column elementor-col-100 elementor-top-column elementor-element elementor-element-5ef2a3a\" data-id=\"5ef2a3a\" data-element_type=\"column\">\n\t\t\t<div class=\"elementor-widget-wrap elementor-element-populated\">\n\t\t\t\t\t\t<div class=\"elementor-element elementor-element-b606a99 elementor-widget elementor-widget-fastrans_about_us_v2\" data-id=\"b606a99\" data-element_type=\"widget\" data-widget_type=\"fastrans_about_us_v2.default\">\n\t\t\t\t<div class=\"elementor-widget-container\">\n\t\t\t\t\n    <!-- Start of About section\n\t============================================= -->\n\t<section id=\"ft-about\" class=\"ft-about-section\">\n\t\t<div class=\"container\">\n\t\t\t<div class=\"ft-about-content\">\n\t\t\t\t<div class=\"row\">\n\t\t\t\t\t<div class=\"col-lg-6 wow fadeInLeft\" data-wow-delay=\"0ms\" data-wow-duration=\"1500ms\">\n\t\t\t\t\t\t<div class=\"ft-about-img-exp position-relative\">\n\t\t\t\t\t\t\t                            <div class=\"ft-about-exp-area headline pera-content position-absolute\">\n\t\t\t\t\t\t\t\t<div class=\"ft-about-exp-img\">\n\t\t\t\t\t\t\t\t\t<img decoding=\"async\" data-src=\"https:\/\/cglpanama.net\/wp-content\/themes\/fastrans\/assets\/images\/shape\/exp-sh1.png\" alt=\"Awesome Image\" src=\"data:image\/gif;base64,R0lGODlhAQABAAAAACH5BAEKAAEALAAAAAABAAEAAAICTAEAOw==\" class=\"lazyload\"><noscript><img decoding=\"async\" src=\"https:\/\/cglpanama.net\/wp-content\/themes\/fastrans\/assets\/images\/shape\/exp-sh1.png\" alt=\"Awesome Image\"><\/noscript>\n\t\t\t\t\t\t\t\t<\/div>\n\t\t\t\t\t\t\t\t<div class=\"ft-about-exp-text position-absolute\">\n\t\t\t\t\t\t\t\t\t<h3><span class=\"counter\">10<\/span><b>+<\/b> Years<\/h3>\n\t\t\t\t\t\t\t\t\t<p>Of experience in the national and international market.<\/p>\t\t\t\t\t\t\t\t<\/div>\n\t\t\t\t\t\t\t<\/div>\n                            \t\t\t\t\t\t\t                            <div class=\"ft-about-img\">\n                                <img decoding=\"async\" data-src=\"https:\/\/cglpanama.net\/wp-content\/uploads\/2022\/06\/Repartidor-CGL-2.png\" alt=\"Awesome Image\" src=\"data:image\/gif;base64,R0lGODlhAQABAAAAACH5BAEKAAEALAAAAAABAAEAAAICTAEAOw==\" class=\"lazyload\" style=\"--smush-placeholder-width: 570px; --smush-placeholder-aspect-ratio: 570\/542;\"><noscript><img decoding=\"async\" src=\"https:\/\/cglpanama.net\/wp-content\/uploads\/2022\/06\/Repartidor-CGL-2.png\" alt=\"Awesome Image\"><\/noscript>\n                            <\/div>\n                            \t\t\t\t\t\t<\/div>\n\t\t\t\t\t<\/div>\n\t\t\t\t\t<div class=\"col-lg-6\">\n\t\t\t\t\t\t<div class=\"ft-about-text-wrapper\">\n\t\t\t\t\t\t\t                            <div class=\"ft-section-title headline pera-content\">\n\t\t\t\t\t\t\t\t<span class=\"sub-title\">About Us<\/span>\t\t\t\t\t\t\t\t<h2>CHAIN GLOBAL LOGISTICS INC.<\/h2>\t\t\t\t\t\t\t\t<p>We are a company and company duly registered and inscribed in file 762604 and Redi Document 2134644 in the Public Registry of the Republic of Panama.<\/br><\/br>With 10 years of operation, we are a freight forwarder that is dedicated to the import and export cargo to the national and international level. <\/br><\/br>\n\nAdditional handling of loose cargo and statements from Miami, we also work consolidation and de-consolidation in Panama, internet shopping or online, and the logistics to due process of reception and delivery at the local level.   <\/p>\t\t\t\t\t\t\t<\/div>\n                            \t\t\t\t\t\t\t<div class=\"ft-about-feature-list-warpper\">\n\t\t\t\t\t\t\t\t                                <div class=\"ft-about-feature-list-item d-flex align-items-center wow fadeInUp\" data-wow-delay=\"0ms\" data-wow-duration=\"1500ms\">\n\t\t\t\t\t\t\t\t\t<div class=\"ft-about-feature-icon d-flex align-items-center justify-content-center\">\n\t\t\t\t\t\t\t\t\t\t<i class=\"flaticon-worldwide\"><\/i>\n\t\t\t\t\t\t\t\t\t<\/div>\n\t\t\t\t\t\t\t\t\t<div class=\"ft-about-feature-text headline pera-content\">\n\t\t\t\t\t\t\t\t\t\t<h3>International Service<\/h3>\n\t\t\t\t\t\t\t\t\t\t<p>Export and import cargo to South, Central and North America.<\/p>\n\t\t\t\t\t\t\t\t\t<\/div>\n\t\t\t\t\t\t\t\t<\/div>\n                                                                <div class=\"ft-about-feature-list-item d-flex align-items-center wow fadeInUp\" data-wow-delay=\"0ms\" data-wow-duration=\"1500ms\">\n\t\t\t\t\t\t\t\t\t<div class=\"ft-about-feature-icon d-flex align-items-center justify-content-center\">\n\t\t\t\t\t\t\t\t\t\t<i class=\"flaticon-place\"><\/i>\n\t\t\t\t\t\t\t\t\t<\/div>\n\t\t\t\t\t\t\t\t\t<div class=\"ft-about-feature-text headline pera-content\">\n\t\t\t\t\t\t\t\t\t\t<h3>National Service<\/h3>\n\t\t\t\t\t\t\t\t\t\t<p>Shipping of parcels inside the country (door to door) and removal services for homes and offices.<\/p>\n\t\t\t\t\t\t\t\t\t<\/div>\n\t\t\t\t\t\t\t\t<\/div>\n                                                                \n                                \t\t\t\t\t\t\t\t<div class=\"ft-btn wow fadeInUp\" data-wow-delay=\"300ms\" data-wow-duration=\"1500ms\">\n\t\t\t\t\t\t\t\t\t<a class=\"d-flex justify-content-center align-items-center\" href=\"https:\/\/cglpanama.net\/en\/contacto\/\">Contact<\/a>\n\t\t\t\t\t\t\t\t<\/div>\n                                \t\t\t\t\t\t\t<\/div>\n\t\t\t\t\t\t<\/div>\n\t\t\t\t\t<\/div>\n\t\t\t\t<\/div>\n\t\t\t<\/div>\n\t\t<\/div>\n\t<\/section>\n\t<!-- End of About section\n\t============================================= -->\n\n    \t\t<\/div>\n\t\t\t\t<\/div>\n\t\t\t\t\t<\/div>\n\t\t<\/div>\n\t\t\t\t\t<\/div>\n\t\t<\/section>\n\t\t\t\t<section class=\"elementor-section elementor-top-section elementor-element elementor-element-df5ef2f elementor-section-full_width elementor-section-height-default elementor-section-height-default\" data-id=\"df5ef2f\" data-element_type=\"section\">\n\t\t\t\t\t\t<div class=\"elementor-container elementor-column-gap-default\">\n\t\t\t\t\t<div class=\"elementor-column elementor-col-100 elementor-top-column elementor-element elementor-element-fc76734\" data-id=\"fc76734\" data-element_type=\"column\">\n\t\t\t<div class=\"elementor-widget-wrap elementor-element-populated\">\n\t\t\t\t\t\t<div class=\"elementor-element elementor-element-0752504 elementor-widget elementor-widget-fastrans_funfacts_v3\" data-id=\"0752504\" data-element_type=\"widget\" data-widget_type=\"fastrans_funfacts_v3.default\">\n\t\t\t\t<div class=\"elementor-widget-container\">\n\t\t\t\t\n    <!-- Start of funfact section\n\t============================================= -->\n\t<section id=\"ft-funfact\" class=\"ft-funfact-section\">\n\t\t<div class=\"container\">\n\t\t\t<div class=\"ft-funfact-content\">\n\t\t\t\t<div class=\"row\">\n\t\t\t\t\t                    <div class=\"col-lg-3 col-md-6 col-sm-6\">\n\t\t\t\t\t\t<div class=\"ft-funfact-innerbox text-center\">\n\t\t\t\t\t\t\t<div class=\"ft-funfact-icon\">\n\t\t\t\t\t\t\t\t<i class=\"fal fa-clipboard-list-check\"><\/i>\n\t\t\t\t\t\t\t<\/div>\n\t\t\t\t\t\t\t<div class=\"ft-funfact-text headline pera-content\">\n\t\t\t\t\t\t\t\t<h3><span class=\"counter\">1656<\/span><\/h3>\n\t\t\t\t\t\t\t\t<p>Deliveries Completed<\/p>\n\t\t\t\t\t\t\t<\/div>\n\t\t\t\t\t\t<\/div>\n\t\t\t\t\t<\/div>\n                                        <div class=\"col-lg-3 col-md-6 col-sm-6\">\n\t\t\t\t\t\t<div class=\"ft-funfact-innerbox text-center\">\n\t\t\t\t\t\t\t<div class=\"ft-funfact-icon\">\n\t\t\t\t\t\t\t\t<i class=\"fal fa-users\"><\/i>\n\t\t\t\t\t\t\t<\/div>\n\t\t\t\t\t\t\t<div class=\"ft-funfact-text headline pera-content\">\n\t\t\t\t\t\t\t\t<h3><span class=\"counter\">1250<\/span>+<\/h3>\n\t\t\t\t\t\t\t\t<p>Satisfied Customers<\/p>\n\t\t\t\t\t\t\t<\/div>\n\t\t\t\t\t\t<\/div>\n\t\t\t\t\t<\/div>\n                                        <div class=\"col-lg-3 col-md-6 col-sm-6\">\n\t\t\t\t\t\t<div class=\"ft-funfact-innerbox text-center\">\n\t\t\t\t\t\t\t<div class=\"ft-funfact-icon\">\n\t\t\t\t\t\t\t\t<i class=\"fal fa-trophy-alt\"><\/i>\n\t\t\t\t\t\t\t<\/div>\n\t\t\t\t\t\t\t<div class=\"ft-funfact-text headline pera-content\">\n\t\t\t\t\t\t\t\t<h3><span class=\"counter\">10<\/span>+<\/h3>\n\t\t\t\t\t\t\t\t<p>Years of Experience<\/p>\n\t\t\t\t\t\t\t<\/div>\n\t\t\t\t\t\t<\/div>\n\t\t\t\t\t<\/div>\n                                        <div class=\"col-lg-3 col-md-6 col-sm-6\">\n\t\t\t\t\t\t<div class=\"ft-funfact-innerbox text-center\">\n\t\t\t\t\t\t\t<div class=\"ft-funfact-icon\">\n\t\t\t\t\t\t\t\t<i class=\"fal fa-flag\"><\/i>\n\t\t\t\t\t\t\t<\/div>\n\t\t\t\t\t\t\t<div class=\"ft-funfact-text headline pera-content\">\n\t\t\t\t\t\t\t\t<h3><span class=\"counter\">100<\/span>%<\/h3>\n\t\t\t\t\t\t\t\t<p>Panamanian Company<\/p>\n\t\t\t\t\t\t\t<\/div>\n\t\t\t\t\t\t<\/div>\n\t\t\t\t\t<\/div>\n                    \t\t\t\t<\/div>\n\t\t\t<\/div>\n\t\t<\/div>\n\t<\/section>\t\t\n\t<!-- End of funfact section\n\t============================================= -->\n\t\t\n    \t\t<\/div>\n\t\t\t\t<\/div>\n\t\t\t\t\t<\/div>\n\t\t<\/div>\n\t\t\t\t\t<\/div>\n\t\t<\/section>\n\t\t\t\t<section class=\"elementor-section elementor-top-section elementor-element elementor-element-179713e elementor-section-full_width elementor-section-height-default elementor-section-height-default\" data-id=\"179713e\" data-element_type=\"section\">\n\t\t\t\t\t\t<div class=\"elementor-container elementor-column-gap-default\">\n\t\t\t\t\t<div class=\"elementor-column elementor-col-100 elementor-top-column elementor-element elementor-element-dab1161\" data-id=\"dab1161\" data-element_type=\"column\">\n\t\t\t<div class=\"elementor-widget-wrap elementor-element-populated\">\n\t\t\t\t\t\t<div class=\"elementor-element elementor-element-dc27dc2 elementor-widget elementor-widget-fastrans_our_features_v2\" data-id=\"dc27dc2\" data-element_type=\"widget\" data-widget_type=\"fastrans_our_features_v2.default\">\n\t\t\t\t<div class=\"elementor-widget-container\">\n\t\t\t\t\t\n        <!-- Start of goodness feature section\n        ============================================= -->\n        <section id=\"ft-goodness-feature\" class=\"ft-goodness-feature-section\">\n            <div class=\"container\">\n                                <div class=\"ft-section-title-2 headline pera-content text-center\">\n                    <span class=\"sub-title\">Much More Than A Logistics Company<\/span>                    <h2>What Makes Us Special<\/h2>                    <p>A commitment to quality, experience and safety that we activate in all types of projects and sectors. A commitment that we have fulfilled for more than 10 years.<\/p>                <\/div>\n                                <div class=\"ft-goodness-featured-content\">\n                    <div class=\"row\">\n                                                <div class=\"col-lg-4 col-md-6\">\n                            <div class=\"ft-goodness-featured-innerbox text-center\">\n                                <div class=\"ft-goodness-featured-icon d-flex align-items-center justify-content-center\">\n                                    <i class=\"fal fa-anchor\"><\/i>\n                                <\/div>\n                                <div class=\"ft-goodness-featured-text headline pera-content\">\n                                    <h3><a href=\"\">National and International<\/a><\/h3>\n                                    <p>We provide customized solutions to meet your logistics needs. You can count on us to handle or deliver your cargo efficiently and safely. <\/p>\n                                <\/div>\n                            <\/div>\n                        <\/div>\n                                                <div class=\"col-lg-4 col-md-6\">\n                            <div class=\"ft-goodness-featured-innerbox text-center\">\n                                <div class=\"ft-goodness-featured-icon d-flex align-items-center justify-content-center\">\n                                    <i class=\"fal fa-user-headset\"><\/i>\n                                <\/div>\n                                <div class=\"ft-goodness-featured-text headline pera-content\">\n                                    <h3><a href=\"\">Professional Team<\/a><\/h3>\n                                    <p>Our team of experts spend time understanding your logistics needs and providing you with customized, reliable and effective solutions. <\/p>\n                                <\/div>\n                            <\/div>\n                        <\/div>\n                                                <div class=\"col-lg-4 col-md-6\">\n                            <div class=\"ft-goodness-featured-innerbox text-center\">\n                                <div class=\"ft-goodness-featured-icon d-flex align-items-center justify-content-center\">\n                                    <i class=\"fal fa-badge-sheriff\"><\/i>\n                                <\/div>\n                                <div class=\"ft-goodness-featured-text headline pera-content\">\n                                    <h3><a href=\"\">Solutions<\/a><\/h3>\n                                    <p>We understand the diversity of each client, collaborator or agent, which is why we always adapt to each of their logistics needs. <\/p>\n                                <\/div>\n                            <\/div>\n                        <\/div>\n                                            <\/div>\n                <\/div>\n            <\/div>\n        <\/section>\n        <!-- End of goodness feature section\n        ============================================= -->\n                           \n        \t\t<\/div>\n\t\t\t\t<\/div>\n\t\t\t\t\t<\/div>\n\t\t<\/div>\n\t\t\t\t\t<\/div>\n\t\t<\/section>\n\t\t\t\t<section class=\"elementor-section elementor-top-section elementor-element elementor-element-d9dbfe4 elementor-section-full_width elementor-section-height-default elementor-section-height-default\" data-id=\"d9dbfe4\" data-element_type=\"section\">\n\t\t\t\t\t\t<div class=\"elementor-container elementor-column-gap-default\">\n\t\t\t\t\t<div class=\"elementor-column elementor-col-100 elementor-top-column elementor-element elementor-element-6150711\" data-id=\"6150711\" data-element_type=\"column\">\n\t\t\t<div class=\"elementor-widget-wrap elementor-element-populated\">\n\t\t\t\t\t\t<div class=\"elementor-element elementor-element-d3fd9ad elementor-widget elementor-widget-fastrans_video_section\" data-id=\"d3fd9ad\" data-element_type=\"widget\" data-widget_type=\"fastrans_video_section.default\">\n\t\t\t\t<div class=\"elementor-widget-container\">\n\t\t\t\t\n    <!-- Start of Video section\n\t============================================= -->\n\t<section id=\"ft-video\" class=\"ft-video-section\">\n\t\t<div class=\"container\">\n\t\t\t<div class=\"ft-video-content position-relative\">\n\t\t\t\t<div class=\"ft-video-img-play-btn\">\n\t\t\t\t\t                    <div class=\"ft-video-img\">\n\t\t\t\t\t\t<img decoding=\"async\" data-src=\"https:\/\/cglpanama.net\/wp-content\/uploads\/2021\/10\/v-bg.jpg\" alt=\"Awesome Image\" src=\"data:image\/gif;base64,R0lGODlhAQABAAAAACH5BAEKAAEALAAAAAABAAEAAAICTAEAOw==\" class=\"lazyload\" style=\"--smush-placeholder-width: 1170px; --smush-placeholder-aspect-ratio: 1170\/430;\"><noscript><img decoding=\"async\" src=\"https:\/\/cglpanama.net\/wp-content\/uploads\/2021\/10\/v-bg.jpg\" alt=\"Awesome Image\"><\/noscript>\n\t\t\t\t\t<\/div>\n\t\t\t\t\t                                        <div class=\"ft-video-play\">\n\t\t\t\t\t\t<a class=\"d-flex justify-content-center align-items-center position-relative video_box\" href=\"https:\/\/www.youtube.com\/watch?v=K0xtol4haMM\">\n\t\t\t\t\t\t\t<i class=\"fas fa-play\"><\/i>\n\t\t\t\t\t\t\t<span class=\"video_btn_border border_wrap-1\"><\/span>\n\t\t\t\t\t\t\t<span class=\"video_btn_border border_wrap-2\"><\/span>\n\t\t\t\t\t\t<\/a>\n\t\t\t\t\t<\/div>\n                    \t\t\t\t<\/div>\n\t\t\t<\/div>\n\t\t<\/div>\t\t\n\t<\/section>\t\n\t<!-- End of Video section\n\t============================================= -->\n    \n    \t\t<\/div>\n\t\t\t\t<\/div>\n\t\t\t\t\t<\/div>\n\t\t<\/div>\n\t\t\t\t\t<\/div>\n\t\t<\/section>\n\t\t\t\t<section class=\"elementor-section elementor-top-section elementor-element elementor-element-8184395 elementor-section-full_width elementor-section-height-default elementor-section-height-default\" data-id=\"8184395\" data-element_type=\"section\">\n\t\t\t\t\t\t<div class=\"elementor-container elementor-column-gap-default\">\n\t\t\t\t\t<div class=\"elementor-column elementor-col-100 elementor-top-column elementor-element elementor-element-ea40c9c\" data-id=\"ea40c9c\" data-element_type=\"column\">\n\t\t\t<div class=\"elementor-widget-wrap elementor-element-populated\">\n\t\t\t\t\t\t\t<\/div>\n\t\t<\/div>\n\t\t\t\t\t<\/div>\n\t\t<\/section>\n\t\t\t\t<\/div>","protected":false},"excerpt":{"rendered":"<p>10+ A\u00f1os De experiencia en el mercado nacional e internacional. Qui\u00e9nes Somos CHAIN GLOBAL LOGISTICS INC. Somos una sociedad y empresa debidamente registrada e inscrita a la ficha 762604 y Documento Redi 2134644 en el Registro P\u00fablico de la Rep\u00fablica de Panam\u00e1.Con 10 a\u00f1os de operaci\u00f3n, somos un agente de carga que se dedica a [&hellip;]<\/p>","protected":false},"author":2,"featured_media":0,"parent":0,"menu_order":0,"comment_status":"closed","ping_status":"closed","template":"tpl-default-elementor.php","meta":{"_joinchat":[],"footnotes":""},"class_list":["post-430","page","type-page","status-publish","hentry"],"_links":{"self":[{"href":"https:\/\/cglpanama.net\/en\/wp-json\/wp\/v2\/pages\/430"}],"collection":[{"href":"https:\/\/cglpanama.net\/en\/wp-json\/wp\/v2\/pages"}],"about":[{"href":"https:\/\/cglpanama.net\/en\/wp-json\/wp\/v2\/types\/page"}],"author":[{"embeddable":true,"href":"https:\/\/cglpanama.net\/en\/wp-json\/wp\/v2\/users\/2"}],"replies":[{"embeddable":true,"href":"https:\/\/cglpanama.net\/en\/wp-json\/wp\/v2\/comments?post=430"}],"version-history":[{"count":10,"href":"https:\/\/cglpanama.net\/en\/wp-json\/wp\/v2\/pages\/430\/revisions"}],"predecessor-version":[{"id":2465,"href":"https:\/\/cglpanama.net\/en\/wp-json\/wp\/v2\/pages\/430\/revisions\/2465"}],"wp:attachment":[{"href":"https:\/\/cglpanama.net\/en\/wp-json\/wp\/v2\/media?parent=430"}],"curies":[{"name":"wp","href":"https:\/\/api.w.org\/{rel}","templated":true}]}}