{"id":2391,"date":"2022-06-13T00:41:26","date_gmt":"2022-06-13T00:41:26","guid":{"rendered":"http:\/\/cglpanama.net\/?page_id=2391"},"modified":"2022-06-19T01:52:25","modified_gmt":"2022-06-19T01:52:25","slug":"encomiendas-y-mudanzas","status":"publish","type":"page","link":"https:\/\/cglpanama.net\/en\/encomiendas-y-mudanzas\/","title":{"rendered":"Parcels and Removals"},"content":{"rendered":"<div data-elementor-type=\"wp-page\" data-elementor-id=\"2391\" class=\"elementor elementor-2391\">\n\t\t\t\t\t\t<section class=\"elementor-section elementor-top-section elementor-element elementor-element-3b5e6b1 elementor-section-full_width elementor-section-height-default elementor-section-height-default\" data-id=\"3b5e6b1\" data-element_type=\"section\">\n\t\t\t\t\t\t<div class=\"elementor-container elementor-column-gap-default\">\n\t\t\t\t\t<div class=\"elementor-column elementor-col-100 elementor-top-column elementor-element elementor-element-708cfd4\" data-id=\"708cfd4\" data-element_type=\"column\">\n\t\t\t<div class=\"elementor-widget-wrap elementor-element-populated\">\n\t\t\t\t\t\t<div class=\"elementor-element elementor-element-8209499 elementor-widget elementor-widget-fastrans_service_details\" data-id=\"8209499\" data-element_type=\"widget\" data-widget_type=\"fastrans_service_details.default\">\n\t\t\t\t<div class=\"elementor-widget-container\">\n\t\t\t\t\n    <!-- Start of Service details section\n\t============================================= -->\n\t<section id=\"ft-service-details\" class=\"ft-service-details-section page-padding\">\n\t\t<div class=\"container\">\n\t\t\t<div class=\"ft-service-details-content\">\n\t\t\t\t<div class=\"row\">\n\t\t\t\t\t                    <div class=\"col-lg-12\">\n\t\t\t\t\t\t<div class=\"ft-service-details-content-wrapper headline pera-content\">\n\t\t\t\t\t\t\t<div class=\"ft-service-details-img-wrapper\">\n\t\t\t\t\t\t\t\t<div class=\"row\">\n\t\t\t\t\t\t\t\t\t                                    <div class=\"col-md-6\">\n\t\t\t\t\t\t\t\t\t\t<div class=\"ft-service-details-img\">\n\t\t\t\t\t\t\t\t\t\t\t<img decoding=\"async\" data-src=\"https:\/\/cglpanama.net\/wp-content\/uploads\/2022\/06\/2.jpg\" alt=\"Awesome Image\" src=\"data:image\/gif;base64,R0lGODlhAQABAAAAACH5BAEKAAEALAAAAAABAAEAAAICTAEAOw==\" class=\"lazyload\" style=\"--smush-placeholder-width: 600px; --smush-placeholder-aspect-ratio: 600\/700;\"><noscript><img decoding=\"async\" src=\"https:\/\/cglpanama.net\/wp-content\/uploads\/2022\/06\/2.jpg\" alt=\"Awesome Image\"><\/noscript>\n\t\t\t\t\t\t\t\t\t\t<\/div>\n\t\t\t\t\t\t\t\t\t<\/div>\n                                                                        \t\t\t\t\t\t\t\t\t<div class=\"col-md-6\">\n\t\t\t\t\t\t\t\t\t\t                                        <div class=\"ft-service-details-img\">\n\t\t\t\t\t\t\t\t\t\t\t<img decoding=\"async\" data-src=\"https:\/\/cglpanama.net\/wp-content\/uploads\/2022\/06\/2-1.jpg\" alt=\"Awesome Image\" src=\"data:image\/gif;base64,R0lGODlhAQABAAAAACH5BAEKAAEALAAAAAABAAEAAAICTAEAOw==\" class=\"lazyload\" style=\"--smush-placeholder-width: 1500px; --smush-placeholder-aspect-ratio: 1500\/844;\"><noscript><img decoding=\"async\" src=\"https:\/\/cglpanama.net\/wp-content\/uploads\/2022\/06\/2-1.jpg\" alt=\"Awesome Image\"><\/noscript>\n\t\t\t\t\t\t\t\t\t\t<\/div>\n                                                                                \t\t\t\t\t\t\t\t\t\t<div class=\"ft-service-details-img\">\n\t\t\t\t\t\t\t\t\t\t\t<img decoding=\"async\" data-src=\"https:\/\/cglpanama.net\/wp-content\/uploads\/2022\/06\/1-1.jpg\" alt=\"Awesome Image\" src=\"data:image\/gif;base64,R0lGODlhAQABAAAAACH5BAEKAAEALAAAAAABAAEAAAICTAEAOw==\" class=\"lazyload\" style=\"--smush-placeholder-width: 1500px; --smush-placeholder-aspect-ratio: 1500\/844;\"><noscript><img decoding=\"async\" src=\"https:\/\/cglpanama.net\/wp-content\/uploads\/2022\/06\/1-1.jpg\" alt=\"Awesome Image\"><\/noscript>\n\t\t\t\t\t\t\t\t\t\t<\/div>\n                                        \t\t\t\t\t\t\t\t\t<\/div>\n                                    \t\t\t\t\t\t\t\t<\/div>\n\t\t\t\t\t\t\t<\/div>\n\t\t\t\t\t\t\t<div class=\"ft-service-details-text-wrapper\">\n\t\t\t\t\t\t\t\t<h3>Parcels and Removals<\/h3> \t\t\t\t\t\t\t\t\n\t\t\t\t\t\t\t\tProfessionalism, dedication and a great deal to the public are some of the virtues that gladly we are proud to provide all of our customers. Try our services and join our extensive list of clients 100% satisfied.\n<\/br><\/br>\n\nWe have cargo vehicles to get adjusted to the needs of our clients, which has enabled us to establish a system of quality in all of Panama.\n<\/br><\/br>\n\nWe are a company focused on the movement of cargo, transport and logistics. We specialize in national and international movements. Likewise, we develop a solution to any challenge that is presented to us, acting in a responsible manner and organized.\n<\/br><\/br>\t\t\t\t\t\t\t\t\n\t\t\t\t\t\t\t\t                                <div class=\"ft-service-details-counter-wrapper\">\n\t\t\t\t\t\t\t\t\t<div class=\"row\">\n\t\t\t\t\t\t\t\t\t\t                                        <div class=\"col-md-6\">\n\t\t\t\t\t\t\t\t\t\t\t<div class=\"ft-service-details-counter-item d-flex align-items-center headline pera-content\">\n\t\t\t\t\t\t\t\t\t\t\t\t<div class=\"ft-service-details-count-icon\">\n\t\t\t\t\t\t\t\t\t\t\t\t\t<i class=\"flaticon-worldwide\"><\/i>\n\t\t\t\t\t\t\t\t\t\t\t\t<\/div>\n\t\t\t\t\t\t\t\t\t\t\t\t<div class=\"ft-service-details-count-text\">\n\t\t\t\t\t\t\t\t\t\t\t\t\t<h4 class=\"title text-uppercase\">Door to door<\/h4>\n\t\t\t\t\t\t\t\t\t\t\t\t\t<h4 class=\"count-number\"><span class=\"count\">Parcels<\/span><\/h4>\n\t\t\t\t\t\t\t\t\t\t\t\t\t<p>The interior of the country<\/p>\n\t\t\t\t\t\t\t\t\t\t\t\t<\/div>\n\t\t\t\t\t\t\t\t\t\t\t<\/div>\n\t\t\t\t\t\t\t\t\t\t<\/div>\n                                                                                <div class=\"col-md-6\">\n\t\t\t\t\t\t\t\t\t\t\t<div class=\"ft-service-details-counter-item d-flex align-items-center headline pera-content\">\n\t\t\t\t\t\t\t\t\t\t\t\t<div class=\"ft-service-details-count-icon\">\n\t\t\t\t\t\t\t\t\t\t\t\t\t<i class=\"flaticon-logistics\"><\/i>\n\t\t\t\t\t\t\t\t\t\t\t\t<\/div>\n\t\t\t\t\t\t\t\t\t\t\t\t<div class=\"ft-service-details-count-text\">\n\t\t\t\t\t\t\t\t\t\t\t\t\t<h4 class=\"title text-uppercase\">Home and office<\/h4>\n\t\t\t\t\t\t\t\t\t\t\t\t\t<h4 class=\"count-number\"><span class=\"count\">Move<\/span><\/h4>\n\t\t\t\t\t\t\t\t\t\t\t\t\t<p>100% satisfaction<\/p>\n\t\t\t\t\t\t\t\t\t\t\t\t<\/div>\n\t\t\t\t\t\t\t\t\t\t\t<\/div>\n\t\t\t\t\t\t\t\t\t\t<\/div>\n                                        \t\t\t\t\t\t\t\t\t<\/div>\n\t\t\t\t\t\t\t\t<\/div>\n\t\t\t\t\t\t\t\t\t\t\t\t\t\t\t\t                                \t\t\t\t\t\t\t\t    \t\n\t\t\t\t\t\t\t<\/div>\n\t\t\t\t\t\t<\/div>\n\t\t\t\t\t<\/div>\n\t\t\t\t<\/div>\n\t\t\t<\/div>\n\t\t<\/div>\n\t<\/section>\t\n\t<!-- End of Service details section\n\t============================================= -->\n    \n    \t\t<\/div>\n\t\t\t\t<\/div>\n\t\t\t\t\t<\/div>\n\t\t<\/div>\n\t\t\t\t\t<\/div>\n\t\t<\/section>\n\t\t\t\t<section class=\"elementor-section elementor-top-section elementor-element elementor-element-a274313 elementor-section-full_width elementor-section-height-default elementor-section-height-default\" data-id=\"a274313\" data-element_type=\"section\">\n\t\t\t\t\t\t<div class=\"elementor-container elementor-column-gap-default\">\n\t\t\t\t\t<div class=\"elementor-column elementor-col-100 elementor-top-column elementor-element elementor-element-eb8bcb2\" data-id=\"eb8bcb2\" data-element_type=\"column\">\n\t\t\t<div class=\"elementor-widget-wrap elementor-element-populated\">\n\t\t\t\t\t\t<div class=\"elementor-element elementor-element-9322b1b elementor-widget elementor-widget-fastrans_why_choose_us\" data-id=\"9322b1b\" data-element_type=\"widget\" data-widget_type=\"fastrans_why_choose_us.default\">\n\t\t\t\t<div class=\"elementor-widget-container\">\n\t\t\t\t\n    <!-- Start of why choose us section\n\t============================================= -->\n\t<section id=\"ft-why-choose-2\" class=\"ft-why-choose-section-2 position-relative\">\n\t\t<span class=\"why-choose-bg-2\"><img decoding=\"async\" data-src=\"https:\/\/cglpanama.net\/wp-content\/uploads\/2021\/10\/wc-bg2.jpg\" alt=\"Awesome Image\" src=\"data:image\/gif;base64,R0lGODlhAQABAAAAACH5BAEKAAEALAAAAAABAAEAAAICTAEAOw==\" class=\"lazyload\" style=\"--smush-placeholder-width: 1931px; --smush-placeholder-aspect-ratio: 1931\/991;\"><noscript><img decoding=\"async\" src=\"https:\/\/cglpanama.net\/wp-content\/uploads\/2021\/10\/wc-bg2.jpg\" alt=\"Awesome Image\"><\/noscript><\/span>\t\t<span class=\"why-choose-img-2 position-absolute\"><img decoding=\"async\" data-src=\"https:\/\/cglpanama.net\/wp-content\/uploads\/2022\/06\/Camion-rojo-CGL.png\" alt=\"Awesome Image\" src=\"data:image\/gif;base64,R0lGODlhAQABAAAAACH5BAEKAAEALAAAAAABAAEAAAICTAEAOw==\" class=\"lazyload\" style=\"--smush-placeholder-width: 568px; --smush-placeholder-aspect-ratio: 568\/507;\"><noscript><img decoding=\"async\" src=\"https:\/\/cglpanama.net\/wp-content\/uploads\/2022\/06\/Camion-rojo-CGL.png\" alt=\"Awesome Image\"><\/noscript><\/span>\t\t<div class=\"container\">\n\t\t\t<div class=\"ft-why-choose-content-2\">\n\t\t\t\t<div class=\"row\">\n\t\t\t\t\t<div class=\"col-lg-6\">\n\t\t\t\t\t\t<div class=\"ft-why-choose-text-2\">\n\t\t\t\t\t\t\t                            <div class=\"ft-section-title-3 headline\">\n\t\t\t\t\t\t\t\t<span class=\"text-uppercase\">*Rates subject to availability, local and international charges<\/span>                    \t\t\t<h2><h2> QUOTE HERE! \u27a5 <\/h2><\/h2>\t\t\t\t\t\t\t<\/div>\n                                                                                    \t\n                                <!-- Opportunity Info Tabs -->\n                                <div class=\"opportunity-info-tabs\">\n                                    <!-- Opportunity Tabs -->\n                                    <div class=\"opportunity-tabs tabs-box\">\n                                        \n                                        <!-- Tab Btns -->\n                                        <ul class=\"tab-btns tab-buttons clearfix\">\n                                                                                        <li data-tab=\"#prod-mission0\" class=\"tab-btn\"><\/li>\n                                                                                    <\/ul>\n                                        \n                                        <!-- Tabs Container -->\n                                        <div class=\"tabs-content\">\n                                            \n                                            <!-- Tab \/ Active Tab -->\n                                                                                        <div class=\"tab\" id=\"prod-mission0\">\n                                                <div class=\"content\">\n                                                    <div class=\"image\">\n                                                        <img decoding=\"async\" data-src=\"https:\/\/cglpanama.net\/wp-content\/uploads\/2021\/11\/tab-1.jpg\" alt=\"Awesome Image\" src=\"data:image\/gif;base64,R0lGODlhAQABAAAAACH5BAEKAAEALAAAAAABAAEAAAICTAEAOw==\" class=\"lazyload\" style=\"--smush-placeholder-width: 500px; --smush-placeholder-aspect-ratio: 500\/500;\" \/><noscript><img decoding=\"async\" src=\"https:\/\/cglpanama.net\/wp-content\/uploads\/2021\/11\/tab-1.jpg\" alt=\"Awesome Image\" \/><\/noscript>\n                                                    <\/div>\n                                                    <p>\u2713 Flexibility<\/br>\n\u2713 Integrity<\/br>\n\u2713 Work in Team<\/br>\n\u2713 Respect<\/br>\n\u2713 Honesty<\/br><\/p>\n                                                <\/div>\n                                                <p><\/p>\n                                            <\/div>\n                                                                                        \n                                        <\/div>\n                                    <\/div>\n                                <\/div>\n                                \n                            \t\t\t\t\t\t<\/div>\n\t\t\t\t\t<\/div>\n\t\t\t\t\t                    <div class=\"col-lg-6\">\n\t\t\t\t\t\t<div class=\"ft-why-choose-form-wrapper\">\n\t\t\t\t\t\t\t<div class=\"ft-why-choose-form pera-content\">\n\t\t\t\t\t\t\t\t\n<div class=\"wpcf7 no-js\" id=\"wpcf7-f146-o1\" lang=\"en-US\" dir=\"ltr\">\n<div class=\"screen-reader-response\"><p role=\"status\" aria-live=\"polite\" aria-atomic=\"true\"><\/p> <ul><\/ul><\/div>\n<form action=\"\/en\/wp-json\/wp\/v2\/pages\/2391#wpcf7-f146-o1\" method=\"post\" class=\"wpcf7-form init\" aria-label=\"Contact form\" novalidate=\"novalidate\" data-status=\"init\" data-trp-original-action=\"\/en\/wp-json\/wp\/v2\/pages\/2391#wpcf7-f146-o1\">\n<div style=\"display: none;\">\n<input type=\"hidden\" name=\"_wpcf7\" value=\"146\" \/>\n<input type=\"hidden\" name=\"_wpcf7_version\" value=\"5.8\" \/>\n<input type=\"hidden\" name=\"_wpcf7_locale\" value=\"en_US\" \/>\n<input type=\"hidden\" name=\"_wpcf7_unit_tag\" value=\"wpcf7-f146-o1\" \/>\n<input type=\"hidden\" name=\"_wpcf7_container_post\" value=\"0\" \/>\n<input type=\"hidden\" name=\"_wpcf7_posted_data_hash\" value=\"\" \/>\n<input type=\"hidden\" name=\"_wpcf7_recaptcha_response\" value=\"\" \/>\n<\/div>\n<p><span id=\"wpcf7-69e29e600aa15-wrapper\" class=\"wpcf7-form-control-wrap email-703-wrap\" ><label for=\"wpcf7-69e29e600aa15-field\" class=\"hp-message\">Please leave this field empty.<\/label><input id=\"wpcf7-69e29e600aa15-field\"  class=\"wpcf7-form-control wpcf7-text\" type=\"text\" name=\"email-703\" value=\"\" size=\"40\" tabindex=\"-1\" autocomplete=\"new-password\" \/><\/span>\n<\/p>\n<div class=\"row\">\n\t<div class=\"col-md-12\">\n\t\t<div class=\"wc-input\">\n\t\t\t<p><span>Type of service:<\/span>\n\t\t\t<\/p>\n\t\t\t<div class=\"wc-select position-relative\">\n\t\t\t\t<p><span class=\"wpcf7-form-control-wrap\" data-name=\"menu-784\"><select class=\"wpcf7-form-control wpcf7-select\" aria-invalid=\"false\" name=\"menu-784\"><option value=\"Seleccionar\">Select<\/option><option value=\"Exportaci\u00f3n de carga suelta (LCL)\">Export of loose cargo (LCL)<\/option><option value=\"Exportaci\u00f3n en contenedores (FCL)\">Export container (FCL)<\/option><option value=\"Importaci\u00f3n de carga suelta (LCL)\">Import of loose cargo (LCL)<\/option><option value=\"Importaci\u00f3n en contenedores (FCL)\">Import container (FCL)<\/option><option value=\"Consolidaci\u00f3n de carga\">Consolidation of cargo<\/option><option value=\"Desconsolidaci\u00f3n de carga\">Deconsolidation of cargo<\/option><option value=\"Compras por internet\">Shopping on the internet<\/option><option value=\"Env\u00edos de encomiendas al interior\">Shipments of orders to the interior<\/option><option value=\"Servicio de mudanza\">Moving service<\/option><\/select><\/span>\n\t\t\t\t<\/p>\n\t\t\t<\/div>\n\t\t<\/div>\n\t<\/div>\n\t<div class=\"col-md-6\">\n\t\t<div class=\"wc-input\">\n\t\t\t<p><span>Tu nombre*:<\/span>\n\t\t\t<\/p>\n\t\t\t<div class=\"wc-text-input position-relative\">\n\t\t\t\t<p><span class=\"wpcf7-form-control-wrap\" data-name=\"text-707\"><input size=\"40\" class=\"wpcf7-form-control wpcf7-text\" aria-invalid=\"false\" placeholder=\"\" value=\"\" type=\"text\" name=\"text-707\" \/><\/span>\n\t\t\t\t<\/p>\n\t\t\t<\/div>\n\t\t<\/div>\n\t<\/div>\n\t<div class=\"col-md-6\">\n\t\t<div class=\"wc-input\">\n\t\t\t<p><span>Celular*:<\/span>\n\t\t\t<\/p>\n\t\t\t<div class=\"wc-text-input position-relative\">\n\t\t\t\t<p><span class=\"wpcf7-form-control-wrap\" data-name=\"text-708\"><input size=\"40\" class=\"wpcf7-form-control wpcf7-text\" aria-invalid=\"false\" placeholder=\"\" value=\"\" type=\"text\" name=\"text-708\" \/><\/span>\n\t\t\t\t<\/p>\n\t\t\t<\/div>\n\t\t<\/div>\n\t<\/div>\n<\/div>\n<div class=\"col-md-12\">\n\t<div class=\"wc-input\">\n\t\t<p><span class=\"wpcf7-form-control-wrap\" data-name=\"EmailAddress\"><input size=\"40\" class=\"wpcf7-form-control wpcf7-email wpcf7-validates-as-required wpcf7-text wpcf7-validates-as-email\" aria-required=\"true\" aria-invalid=\"false\" placeholder=\"Correo electr\u00f3nico\" value=\"\" type=\"email\" name=\"EmailAddress\" \/><\/span>\n\t\t<\/p>\n\t<\/div>\n<\/div>\n<div class=\"col-md-12\">\n\t<div class=\"wc-input\">\n\t\t<p><span>What product imports or exports?:<\/span>\n\t\t<\/p>\n\t\t<div class=\"wc-text-input position-relative\">\n\t\t\t<p><span class=\"wpcf7-form-control-wrap\" data-name=\"text-709\"><input size=\"40\" class=\"wpcf7-form-control wpcf7-text\" aria-invalid=\"false\" placeholder=\"\" value=\"\" type=\"text\" name=\"text-709\" \/><\/span>\n\t\t\t<\/p>\n\t\t<\/div>\n\t<\/div>\n<\/div>\n<div class=\"col-md-12\">\n\t<div class=\"wc-input\">\n\t\t<p><span>Weight and approximate measure of cargo:<\/span>\n\t\t<\/p>\n\t\t<div class=\"wc-text-input position-relative\">\n\t\t\t<p><span class=\"wpcf7-form-control-wrap\" data-name=\"text-710\"><input size=\"40\" class=\"wpcf7-form-control wpcf7-text\" aria-invalid=\"false\" placeholder=\"\" value=\"\" type=\"text\" name=\"text-710\" \/><\/span>\n\t\t\t<\/p>\n\t\t<\/div>\n\t<\/div>\n<\/div>\n<div class=\"col-md-12\">\n\t<div class=\"wc-input\">\n\t\t<p><span>Country of origin:<\/span>\n\t\t<\/p>\n\t\t<div class=\"wc-text-input position-relative\">\n\t\t\t<p><span class=\"wpcf7-form-control-wrap\" data-name=\"text-711\"><input size=\"40\" class=\"wpcf7-form-control wpcf7-text\" aria-invalid=\"false\" placeholder=\"\" value=\"\" type=\"text\" name=\"text-711\" \/><\/span>\n\t\t\t<\/p>\n\t\t<\/div>\n\t<\/div>\n<\/div>\n<p><button class=\"text-uppercase\" type=\"submit\">Quote<\/button>\n<\/p><div class=\"wpcf7-response-output\" aria-hidden=\"true\"><\/div>\n<input type=\"hidden\" name=\"trp-form-language\" value=\"en\"\/><\/form>\n<\/div>\n\t\t\t\t\t\t\t\t\t\t\t\t\t\t\t<\/div>\n\t\t\t\t\t\t<\/div>\n\t\t\t\t\t<\/div>\n                    \t\t\t\t<\/div>\n\t\t\t<\/div>\n\t\t<\/div>\n\t<\/section>\n\t<!-- End of why choose us section\n\t============================================= -->\n    \n    \t\t<\/div>\n\t\t\t\t<\/div>\n\t\t\t\t\t<\/div>\n\t\t<\/div>\n\t\t\t\t\t<\/div>\n\t\t<\/section>\n\t\t\t\t<\/div>","protected":false},"excerpt":{"rendered":"<p>Encomiendas y Mudanzas Profesionalismo, dedicaci\u00f3n y un excelente trato al p\u00fablico son algunas de las virtudes que gustosamente estamos orgullosos de brindarles a todos nuestros clientes. Pruebe nuestros servicios y \u00fanase a nuestra extensa lista de clientes 100% satisfechos. Contamos con veh\u00edculos de carga ajust\u00e1ndonos a las necesidades de nuestros clientes, lo que nos ha [&hellip;]<\/p>","protected":false},"author":2,"featured_media":0,"parent":0,"menu_order":0,"comment_status":"closed","ping_status":"closed","template":"tpl-default-elementor.php","meta":{"_joinchat":[],"footnotes":""},"class_list":["post-2391","page","type-page","status-publish","hentry"],"_links":{"self":[{"href":"https:\/\/cglpanama.net\/en\/wp-json\/wp\/v2\/pages\/2391"}],"collection":[{"href":"https:\/\/cglpanama.net\/en\/wp-json\/wp\/v2\/pages"}],"about":[{"href":"https:\/\/cglpanama.net\/en\/wp-json\/wp\/v2\/types\/page"}],"author":[{"embeddable":true,"href":"https:\/\/cglpanama.net\/en\/wp-json\/wp\/v2\/users\/2"}],"replies":[{"embeddable":true,"href":"https:\/\/cglpanama.net\/en\/wp-json\/wp\/v2\/comments?post=2391"}],"version-history":[{"count":10,"href":"https:\/\/cglpanama.net\/en\/wp-json\/wp\/v2\/pages\/2391\/revisions"}],"predecessor-version":[{"id":2618,"href":"https:\/\/cglpanama.net\/en\/wp-json\/wp\/v2\/pages\/2391\/revisions\/2618"}],"wp:attachment":[{"href":"https:\/\/cglpanama.net\/en\/wp-json\/wp\/v2\/media?parent=2391"}],"curies":[{"name":"wp","href":"https:\/\/api.w.org\/{rel}","templated":true}]}}