{"id":2382,"date":"2022-06-13T00:04:23","date_gmt":"2022-06-13T00:04:23","guid":{"rendered":"http:\/\/cglpanama.net\/?page_id=2382"},"modified":"2022-06-19T01:52:05","modified_gmt":"2022-06-19T01:52:05","slug":"compras-por-internet","status":"publish","type":"page","link":"https:\/\/cglpanama.net\/en\/compras-por-internet\/","title":{"rendered":"Online Shopping"},"content":{"rendered":"<div data-elementor-type=\"wp-page\" data-elementor-id=\"2382\" class=\"elementor elementor-2382\">\n\t\t\t\t\t\t<section class=\"elementor-section elementor-top-section elementor-element elementor-element-3b5e6b1 elementor-section-full_width elementor-section-height-default elementor-section-height-default\" data-id=\"3b5e6b1\" data-element_type=\"section\">\n\t\t\t\t\t\t<div class=\"elementor-container elementor-column-gap-default\">\n\t\t\t\t\t<div class=\"elementor-column elementor-col-100 elementor-top-column elementor-element elementor-element-708cfd4\" data-id=\"708cfd4\" data-element_type=\"column\">\n\t\t\t<div class=\"elementor-widget-wrap elementor-element-populated\">\n\t\t\t\t\t\t<div class=\"elementor-element elementor-element-8209499 elementor-widget elementor-widget-fastrans_service_details\" data-id=\"8209499\" data-element_type=\"widget\" data-widget_type=\"fastrans_service_details.default\">\n\t\t\t\t<div class=\"elementor-widget-container\">\n\t\t\t\t\n    <!-- Start of Service details section\n\t============================================= -->\n\t<section id=\"ft-service-details\" class=\"ft-service-details-section page-padding\">\n\t\t<div class=\"container\">\n\t\t\t<div class=\"ft-service-details-content\">\n\t\t\t\t<div class=\"row\">\n\t\t\t\t\t                    <div class=\"col-lg-12\">\n\t\t\t\t\t\t<div class=\"ft-service-details-content-wrapper headline pera-content\">\n\t\t\t\t\t\t\t<div class=\"ft-service-details-img-wrapper\">\n\t\t\t\t\t\t\t\t<div class=\"row\">\n\t\t\t\t\t\t\t\t\t                                    <div class=\"col-md-6\">\n\t\t\t\t\t\t\t\t\t\t<div class=\"ft-service-details-img\">\n\t\t\t\t\t\t\t\t\t\t\t<img decoding=\"async\" data-src=\"https:\/\/cglpanama.net\/wp-content\/uploads\/2022\/06\/1.jpg\" alt=\"Awesome Image\" src=\"data:image\/gif;base64,R0lGODlhAQABAAAAACH5BAEKAAEALAAAAAABAAEAAAICTAEAOw==\" class=\"lazyload\" style=\"--smush-placeholder-width: 600px; --smush-placeholder-aspect-ratio: 600\/700;\"><noscript><img decoding=\"async\" src=\"https:\/\/cglpanama.net\/wp-content\/uploads\/2022\/06\/1.jpg\" alt=\"Awesome Image\"><\/noscript>\n\t\t\t\t\t\t\t\t\t\t<\/div>\n\t\t\t\t\t\t\t\t\t<\/div>\n                                                                        \t\t\t\t\t\t\t\t\t<div class=\"col-md-6\">\n\t\t\t\t\t\t\t\t\t\t                                        <div class=\"ft-service-details-img\">\n\t\t\t\t\t\t\t\t\t\t\t<img decoding=\"async\" data-src=\"https:\/\/cglpanama.net\/wp-content\/uploads\/2022\/06\/4.jpg\" alt=\"Awesome Image\" src=\"data:image\/gif;base64,R0lGODlhAQABAAAAACH5BAEKAAEALAAAAAABAAEAAAICTAEAOw==\" class=\"lazyload\" style=\"--smush-placeholder-width: 1500px; --smush-placeholder-aspect-ratio: 1500\/844;\"><noscript><img decoding=\"async\" src=\"https:\/\/cglpanama.net\/wp-content\/uploads\/2022\/06\/4.jpg\" alt=\"Awesome Image\"><\/noscript>\n\t\t\t\t\t\t\t\t\t\t<\/div>\n                                                                                \t\t\t\t\t\t\t\t\t\t<div class=\"ft-service-details-img\">\n\t\t\t\t\t\t\t\t\t\t\t<img decoding=\"async\" data-src=\"https:\/\/cglpanama.net\/wp-content\/uploads\/2022\/06\/3.jpg\" alt=\"Awesome Image\" src=\"data:image\/gif;base64,R0lGODlhAQABAAAAACH5BAEKAAEALAAAAAABAAEAAAICTAEAOw==\" class=\"lazyload\" style=\"--smush-placeholder-width: 1500px; --smush-placeholder-aspect-ratio: 1500\/844;\"><noscript><img decoding=\"async\" src=\"https:\/\/cglpanama.net\/wp-content\/uploads\/2022\/06\/3.jpg\" alt=\"Awesome Image\"><\/noscript>\n\t\t\t\t\t\t\t\t\t\t<\/div>\n                                        \t\t\t\t\t\t\t\t\t<\/div>\n                                    \t\t\t\t\t\t\t\t<\/div>\n\t\t\t\t\t\t\t<\/div>\n\t\t\t\t\t\t\t<div class=\"ft-service-details-text-wrapper\">\n\t\t\t\t\t\t\t\t<h3>Online Shopping<\/h3> \t\t\t\t\t\t\t\t\n\t\t\t\t\t\t\t\tI was never so easy to buy online! From the comfort of your home or office to buy on Ebay, Amazon, Walmart, or where you like, easy and fast.\n<\/br><\/br>\n\nWe are a panamanian company dedicated to the service of internet shopping.\nIn the same we offer you a comprehensive advice of your purchases and we take care of all the procedures and formalities until the product reaches your hands.\n<\/br><\/br>\n\n<h3>What are the fees to bring shopping and\/or courier from Miami?<\/h3>\nOur rates for air freight from Miami:\n<\/br> <\/br>\nPackages of 1lb weight: $3.00 \/ lb\n<\/br> \n\nPackages of 2 to 25 lb weight: $2.40 \/ lb\n<\/br> \n\nPackages of 26 lb and up: $2.00 \/ lb\n<\/br> <\/br>\n\nThe subtotal of the value of the freight is added $0.50 for handling.\n<\/br> <\/br>\n\n<h3>Do you make the comparison between actual weight and weight to volume?<\/h3>\nYes, we make the comparison between actual weight and weight to volume, using the highest to estimate the charge for freight.\n<\/br> <\/br>\n\t\t\t\t\t\t\t\t\n\t\t\t\t\t\t\t\t                                <div class=\"ft-service-details-counter-wrapper\">\n\t\t\t\t\t\t\t\t\t<div class=\"row\">\n\t\t\t\t\t\t\t\t\t\t                                        <div class=\"col-md-6\">\n\t\t\t\t\t\t\t\t\t\t\t<div class=\"ft-service-details-counter-item d-flex align-items-center headline pera-content\">\n\t\t\t\t\t\t\t\t\t\t\t\t<div class=\"ft-service-details-count-icon\">\n\t\t\t\t\t\t\t\t\t\t\t\t\t<i class=\"flaticon-worldwide\"><\/i>\n\t\t\t\t\t\t\t\t\t\t\t\t<\/div>\n\t\t\t\t\t\t\t\t\t\t\t\t<div class=\"ft-service-details-count-text\">\n\t\t\t\t\t\t\t\t\t\t\t\t\t<h4 class=\"title text-uppercase\">purchase<\/h4>\n\t\t\t\t\t\t\t\t\t\t\t\t\t<h4 class=\"count-number\"><span class=\"count\">USA<\/span><\/h4>\n\t\t\t\t\t\t\t\t\t\t\t\t\t<p>Receives in Panama<\/p>\n\t\t\t\t\t\t\t\t\t\t\t\t<\/div>\n\t\t\t\t\t\t\t\t\t\t\t<\/div>\n\t\t\t\t\t\t\t\t\t\t<\/div>\n                                                                                <div class=\"col-md-6\">\n\t\t\t\t\t\t\t\t\t\t\t<div class=\"ft-service-details-counter-item d-flex align-items-center headline pera-content\">\n\t\t\t\t\t\t\t\t\t\t\t\t<div class=\"ft-service-details-count-icon\">\n\t\t\t\t\t\t\t\t\t\t\t\t\t<i class=\"flaticon-logistics\"><\/i>\n\t\t\t\t\t\t\t\t\t\t\t\t<\/div>\n\t\t\t\t\t\t\t\t\t\t\t\t<div class=\"ft-service-details-count-text\">\n\t\t\t\t\t\t\t\t\t\t\t\t\t<h4 class=\"title text-uppercase\">more<\/h4>\n\t\t\t\t\t\t\t\t\t\t\t\t\t<h4 class=\"count-number\"><span class=\"count\">955<\/span>+<\/h4>\n\t\t\t\t\t\t\t\t\t\t\t\t\t<p>Online Shopping<\/p>\n\t\t\t\t\t\t\t\t\t\t\t\t<\/div>\n\t\t\t\t\t\t\t\t\t\t\t<\/div>\n\t\t\t\t\t\t\t\t\t\t<\/div>\n                                        \t\t\t\t\t\t\t\t\t<\/div>\n\t\t\t\t\t\t\t\t<\/div>\n\t\t\t\t\t\t\t\t\t\t\t\t\t\t\t\t                                \t\t\t\t\t\t\t\t                                <div class=\"ft-video-content position-relative\">\n\t\t\t\t\t\t\t\t\t<div class=\"ft-video-img-play-btn\">\n\t\t\t\t\t\t\t\t\t\t                                        <div class=\"ft-video-img\">\n\t\t\t\t\t\t\t\t\t\t\t<img decoding=\"async\" data-src=\"https:\/\/cglpanama.net\/wp-content\/uploads\/2022\/06\/Amazon-CGL.jpg\" alt=\"Awesome Image\" src=\"data:image\/gif;base64,R0lGODlhAQABAAAAACH5BAEKAAEALAAAAAABAAEAAAICTAEAOw==\" class=\"lazyload\" style=\"--smush-placeholder-width: 1170px; --smush-placeholder-aspect-ratio: 1170\/430;\"><noscript><img decoding=\"async\" src=\"https:\/\/cglpanama.net\/wp-content\/uploads\/2022\/06\/Amazon-CGL.jpg\" alt=\"Awesome Image\"><\/noscript>\n\t\t\t\t\t\t\t\t\t\t<\/div>\n                                                            \t\t\t\t\t\t\t\t\t\t\t\t\t\t\t<div class=\"ft-video-play\">\n\t\t\t\t\t\t\t\t\t\t\t<a class=\"d-flex justify-content-center align-items-center position-relative video_box\" href=\"https:\/\/www.youtube.com\/watch?v=zfGvXIQ8lvc\">\n\t\t\t\t\t\t\t\t\t\t\t\t<i class=\"fas fa-play\"><\/i>\n\t\t\t\t\t\t\t\t\t\t\t\t<span class=\"video_btn_border border_wrap-1\"><\/span>\n\t\t\t\t\t\t\t\t\t\t\t\t<span class=\"video_btn_border border_wrap-2\"><\/span>\n\t\t\t\t\t\t\t\t\t\t\t<\/a>\n\t\t\t\t\t\t\t\t\t\t<\/div>\n                                        \t\t\t\t\t\t\t\t\t<\/div>\n\t\t\t\t\t\t\t\t<\/div>\n                                    \t\n\t\t\t\t\t\t\t<\/div>\n\t\t\t\t\t\t<\/div>\n\t\t\t\t\t<\/div>\n\t\t\t\t<\/div>\n\t\t\t<\/div>\n\t\t<\/div>\n\t<\/section>\t\n\t<!-- End of Service details section\n\t============================================= -->\n    \n    \t\t<\/div>\n\t\t\t\t<\/div>\n\t\t\t\t\t<\/div>\n\t\t<\/div>\n\t\t\t\t\t<\/div>\n\t\t<\/section>\n\t\t\t\t<section class=\"elementor-section elementor-top-section elementor-element elementor-element-a274313 elementor-section-full_width elementor-section-height-default elementor-section-height-default\" data-id=\"a274313\" data-element_type=\"section\">\n\t\t\t\t\t\t<div class=\"elementor-container elementor-column-gap-default\">\n\t\t\t\t\t<div class=\"elementor-column elementor-col-100 elementor-top-column elementor-element elementor-element-eb8bcb2\" data-id=\"eb8bcb2\" data-element_type=\"column\">\n\t\t\t<div class=\"elementor-widget-wrap elementor-element-populated\">\n\t\t\t\t\t\t<div class=\"elementor-element elementor-element-9322b1b elementor-widget elementor-widget-fastrans_why_choose_us\" data-id=\"9322b1b\" data-element_type=\"widget\" data-widget_type=\"fastrans_why_choose_us.default\">\n\t\t\t\t<div class=\"elementor-widget-container\">\n\t\t\t\t\n    <!-- Start of why choose us section\n\t============================================= -->\n\t<section id=\"ft-why-choose-2\" class=\"ft-why-choose-section-2 position-relative\">\n\t\t<span class=\"why-choose-bg-2\"><img decoding=\"async\" data-src=\"https:\/\/cglpanama.net\/wp-content\/uploads\/2021\/10\/wc-bg2.jpg\" alt=\"Awesome Image\" src=\"data:image\/gif;base64,R0lGODlhAQABAAAAACH5BAEKAAEALAAAAAABAAEAAAICTAEAOw==\" class=\"lazyload\" style=\"--smush-placeholder-width: 1931px; --smush-placeholder-aspect-ratio: 1931\/991;\"><noscript><img decoding=\"async\" src=\"https:\/\/cglpanama.net\/wp-content\/uploads\/2021\/10\/wc-bg2.jpg\" alt=\"Awesome Image\"><\/noscript><\/span>\t\t<span class=\"why-choose-img-2 position-absolute\"><img decoding=\"async\" data-src=\"https:\/\/cglpanama.net\/wp-content\/uploads\/2022\/06\/Camion-rojo-CGL.png\" alt=\"Awesome Image\" src=\"data:image\/gif;base64,R0lGODlhAQABAAAAACH5BAEKAAEALAAAAAABAAEAAAICTAEAOw==\" class=\"lazyload\" style=\"--smush-placeholder-width: 568px; --smush-placeholder-aspect-ratio: 568\/507;\"><noscript><img decoding=\"async\" src=\"https:\/\/cglpanama.net\/wp-content\/uploads\/2022\/06\/Camion-rojo-CGL.png\" alt=\"Awesome Image\"><\/noscript><\/span>\t\t<div class=\"container\">\n\t\t\t<div class=\"ft-why-choose-content-2\">\n\t\t\t\t<div class=\"row\">\n\t\t\t\t\t<div class=\"col-lg-6\">\n\t\t\t\t\t\t<div class=\"ft-why-choose-text-2\">\n\t\t\t\t\t\t\t                            <div class=\"ft-section-title-3 headline\">\n\t\t\t\t\t\t\t\t<span class=\"text-uppercase\">*Rates subject to availability, local and international charges<\/span>                    \t\t\t<h2><h2> QUOTE HERE! \u27a5 <\/h2><\/h2>\t\t\t\t\t\t\t<\/div>\n                                                                                    \t\n                                <!-- Opportunity Info Tabs -->\n                                <div class=\"opportunity-info-tabs\">\n                                    <!-- Opportunity Tabs -->\n                                    <div class=\"opportunity-tabs tabs-box\">\n                                        \n                                        <!-- Tab Btns -->\n                                        <ul class=\"tab-btns tab-buttons clearfix\">\n                                                                                        <li data-tab=\"#prod-mission0\" class=\"tab-btn\"><\/li>\n                                                                                    <\/ul>\n                                        \n                                        <!-- Tabs Container -->\n                                        <div class=\"tabs-content\">\n                                            \n                                            <!-- Tab \/ Active Tab -->\n                                                                                        <div class=\"tab\" id=\"prod-mission0\">\n                                                <div class=\"content\">\n                                                    <div class=\"image\">\n                                                        <img decoding=\"async\" data-src=\"https:\/\/cglpanama.net\/wp-content\/uploads\/2021\/11\/tab-1.jpg\" alt=\"Awesome Image\" src=\"data:image\/gif;base64,R0lGODlhAQABAAAAACH5BAEKAAEALAAAAAABAAEAAAICTAEAOw==\" class=\"lazyload\" style=\"--smush-placeholder-width: 500px; --smush-placeholder-aspect-ratio: 500\/500;\" \/><noscript><img decoding=\"async\" src=\"https:\/\/cglpanama.net\/wp-content\/uploads\/2021\/11\/tab-1.jpg\" alt=\"Awesome Image\" \/><\/noscript>\n                                                    <\/div>\n                                                    <p>\u2713 Flexibility<\/br>\n\u2713 Integrity<\/br>\n\u2713 Work in Team<\/br>\n\u2713 Respect<\/br>\n\u2713 Honesty<\/br><\/p>\n                                                <\/div>\n                                                <p><\/p>\n                                            <\/div>\n                                                                                        \n                                        <\/div>\n                                    <\/div>\n                                <\/div>\n                                \n                            \t\t\t\t\t\t<\/div>\n\t\t\t\t\t<\/div>\n\t\t\t\t\t                    <div class=\"col-lg-6\">\n\t\t\t\t\t\t<div class=\"ft-why-choose-form-wrapper\">\n\t\t\t\t\t\t\t<div class=\"ft-why-choose-form pera-content\">\n\t\t\t\t\t\t\t\t\n<div class=\"wpcf7 no-js\" id=\"wpcf7-f146-o1\" lang=\"en-US\" dir=\"ltr\">\n<div class=\"screen-reader-response\"><p role=\"status\" aria-live=\"polite\" aria-atomic=\"true\"><\/p> <ul><\/ul><\/div>\n<form action=\"\/en\/wp-json\/wp\/v2\/pages\/2382#wpcf7-f146-o1\" method=\"post\" class=\"wpcf7-form init\" aria-label=\"Contact form\" novalidate=\"novalidate\" data-status=\"init\" data-trp-original-action=\"\/en\/wp-json\/wp\/v2\/pages\/2382#wpcf7-f146-o1\">\n<div style=\"display: none;\">\n<input type=\"hidden\" name=\"_wpcf7\" value=\"146\" \/>\n<input type=\"hidden\" name=\"_wpcf7_version\" value=\"5.8\" \/>\n<input type=\"hidden\" name=\"_wpcf7_locale\" value=\"en_US\" \/>\n<input type=\"hidden\" name=\"_wpcf7_unit_tag\" value=\"wpcf7-f146-o1\" \/>\n<input type=\"hidden\" name=\"_wpcf7_container_post\" value=\"0\" \/>\n<input type=\"hidden\" name=\"_wpcf7_posted_data_hash\" value=\"\" \/>\n<input type=\"hidden\" name=\"_wpcf7_recaptcha_response\" value=\"\" \/>\n<\/div>\n<p><span id=\"wpcf7-69e28aac6915f-wrapper\" class=\"wpcf7-form-control-wrap email-703-wrap\" ><label for=\"wpcf7-69e28aac6915f-field\" class=\"hp-message\">Please leave this field empty.<\/label><input id=\"wpcf7-69e28aac6915f-field\"  class=\"wpcf7-form-control wpcf7-text\" type=\"text\" name=\"email-703\" value=\"\" size=\"40\" tabindex=\"-1\" autocomplete=\"new-password\" \/><\/span>\n<\/p>\n<div class=\"row\">\n\t<div class=\"col-md-12\">\n\t\t<div class=\"wc-input\">\n\t\t\t<p><span>Type of service:<\/span>\n\t\t\t<\/p>\n\t\t\t<div class=\"wc-select position-relative\">\n\t\t\t\t<p><span class=\"wpcf7-form-control-wrap\" data-name=\"menu-784\"><select class=\"wpcf7-form-control wpcf7-select\" aria-invalid=\"false\" name=\"menu-784\"><option value=\"Seleccionar\">Select<\/option><option value=\"Exportaci\u00f3n de carga suelta (LCL)\">Export of loose cargo (LCL)<\/option><option value=\"Exportaci\u00f3n en contenedores (FCL)\">Export container (FCL)<\/option><option value=\"Importaci\u00f3n de carga suelta (LCL)\">Import of loose cargo (LCL)<\/option><option value=\"Importaci\u00f3n en contenedores (FCL)\">Import container (FCL)<\/option><option value=\"Consolidaci\u00f3n de carga\">Consolidation of cargo<\/option><option value=\"Desconsolidaci\u00f3n de carga\">Deconsolidation of cargo<\/option><option value=\"Compras por internet\">Shopping on the internet<\/option><option value=\"Env\u00edos de encomiendas al interior\">Shipments of orders to the interior<\/option><option value=\"Servicio de mudanza\">Moving service<\/option><\/select><\/span>\n\t\t\t\t<\/p>\n\t\t\t<\/div>\n\t\t<\/div>\n\t<\/div>\n\t<div class=\"col-md-6\">\n\t\t<div class=\"wc-input\">\n\t\t\t<p><span>Tu nombre*:<\/span>\n\t\t\t<\/p>\n\t\t\t<div class=\"wc-text-input position-relative\">\n\t\t\t\t<p><span class=\"wpcf7-form-control-wrap\" data-name=\"text-707\"><input size=\"40\" class=\"wpcf7-form-control wpcf7-text\" aria-invalid=\"false\" placeholder=\"\" value=\"\" type=\"text\" name=\"text-707\" \/><\/span>\n\t\t\t\t<\/p>\n\t\t\t<\/div>\n\t\t<\/div>\n\t<\/div>\n\t<div class=\"col-md-6\">\n\t\t<div class=\"wc-input\">\n\t\t\t<p><span>Celular*:<\/span>\n\t\t\t<\/p>\n\t\t\t<div class=\"wc-text-input position-relative\">\n\t\t\t\t<p><span class=\"wpcf7-form-control-wrap\" data-name=\"text-708\"><input size=\"40\" class=\"wpcf7-form-control wpcf7-text\" aria-invalid=\"false\" placeholder=\"\" value=\"\" type=\"text\" name=\"text-708\" \/><\/span>\n\t\t\t\t<\/p>\n\t\t\t<\/div>\n\t\t<\/div>\n\t<\/div>\n<\/div>\n<div class=\"col-md-12\">\n\t<div class=\"wc-input\">\n\t\t<p><span class=\"wpcf7-form-control-wrap\" data-name=\"EmailAddress\"><input size=\"40\" class=\"wpcf7-form-control wpcf7-email wpcf7-validates-as-required wpcf7-text wpcf7-validates-as-email\" aria-required=\"true\" aria-invalid=\"false\" placeholder=\"Correo electr\u00f3nico\" value=\"\" type=\"email\" name=\"EmailAddress\" \/><\/span>\n\t\t<\/p>\n\t<\/div>\n<\/div>\n<div class=\"col-md-12\">\n\t<div class=\"wc-input\">\n\t\t<p><span>What product imports or exports?:<\/span>\n\t\t<\/p>\n\t\t<div class=\"wc-text-input position-relative\">\n\t\t\t<p><span class=\"wpcf7-form-control-wrap\" data-name=\"text-709\"><input size=\"40\" class=\"wpcf7-form-control wpcf7-text\" aria-invalid=\"false\" placeholder=\"\" value=\"\" type=\"text\" name=\"text-709\" \/><\/span>\n\t\t\t<\/p>\n\t\t<\/div>\n\t<\/div>\n<\/div>\n<div class=\"col-md-12\">\n\t<div class=\"wc-input\">\n\t\t<p><span>Weight and approximate measure of cargo:<\/span>\n\t\t<\/p>\n\t\t<div class=\"wc-text-input position-relative\">\n\t\t\t<p><span class=\"wpcf7-form-control-wrap\" data-name=\"text-710\"><input size=\"40\" class=\"wpcf7-form-control wpcf7-text\" aria-invalid=\"false\" placeholder=\"\" value=\"\" type=\"text\" name=\"text-710\" \/><\/span>\n\t\t\t<\/p>\n\t\t<\/div>\n\t<\/div>\n<\/div>\n<div class=\"col-md-12\">\n\t<div class=\"wc-input\">\n\t\t<p><span>Country of origin:<\/span>\n\t\t<\/p>\n\t\t<div class=\"wc-text-input position-relative\">\n\t\t\t<p><span class=\"wpcf7-form-control-wrap\" data-name=\"text-711\"><input size=\"40\" class=\"wpcf7-form-control wpcf7-text\" aria-invalid=\"false\" placeholder=\"\" value=\"\" type=\"text\" name=\"text-711\" \/><\/span>\n\t\t\t<\/p>\n\t\t<\/div>\n\t<\/div>\n<\/div>\n<p><button class=\"text-uppercase\" type=\"submit\">Quote<\/button>\n<\/p><div class=\"wpcf7-response-output\" aria-hidden=\"true\"><\/div>\n<input type=\"hidden\" name=\"trp-form-language\" value=\"en\"\/><\/form>\n<\/div>\n\t\t\t\t\t\t\t\t\t\t\t\t\t\t\t<\/div>\n\t\t\t\t\t\t<\/div>\n\t\t\t\t\t<\/div>\n                    \t\t\t\t<\/div>\n\t\t\t<\/div>\n\t\t<\/div>\n\t<\/section>\n\t<!-- End of why choose us section\n\t============================================= -->\n    \n    \t\t<\/div>\n\t\t\t\t<\/div>\n\t\t\t\t\t<\/div>\n\t\t<\/div>\n\t\t\t\t\t<\/div>\n\t\t<\/section>\n\t\t\t\t<\/div>","protected":false},"excerpt":{"rendered":"<p>Compras Online \u00a1Nunca fue tan f\u00e1cil comprar por internet! Desde la comodidad de su casa u oficina compre en Ebay, Amazon, Walmart o donde guste, f\u00e1cil y r\u00e1pido. Somos una empresa paname\u00f1a dedicada al servicio de compras por internet. En la misma te ofrecemos un asesoramiento completo de tus compras y nos encargamos de todos [&hellip;]<\/p>","protected":false},"author":2,"featured_media":0,"parent":0,"menu_order":0,"comment_status":"closed","ping_status":"closed","template":"tpl-default-elementor.php","meta":{"_joinchat":[],"footnotes":""},"class_list":["post-2382","page","type-page","status-publish","hentry"],"_links":{"self":[{"href":"https:\/\/cglpanama.net\/en\/wp-json\/wp\/v2\/pages\/2382"}],"collection":[{"href":"https:\/\/cglpanama.net\/en\/wp-json\/wp\/v2\/pages"}],"about":[{"href":"https:\/\/cglpanama.net\/en\/wp-json\/wp\/v2\/types\/page"}],"author":[{"embeddable":true,"href":"https:\/\/cglpanama.net\/en\/wp-json\/wp\/v2\/users\/2"}],"replies":[{"embeddable":true,"href":"https:\/\/cglpanama.net\/en\/wp-json\/wp\/v2\/comments?post=2382"}],"version-history":[{"count":7,"href":"https:\/\/cglpanama.net\/en\/wp-json\/wp\/v2\/pages\/2382\/revisions"}],"predecessor-version":[{"id":2615,"href":"https:\/\/cglpanama.net\/en\/wp-json\/wp\/v2\/pages\/2382\/revisions\/2615"}],"wp:attachment":[{"href":"https:\/\/cglpanama.net\/en\/wp-json\/wp\/v2\/media?parent=2382"}],"curies":[{"name":"wp","href":"https:\/\/api.w.org\/{rel}","templated":true}]}}