{"id":1011,"date":"2021-10-08T06:06:28","date_gmt":"2021-10-08T06:06:28","guid":{"rendered":"https:\/\/themexriver.com\/wp\/fastrans\/?page_id=1011"},"modified":"2024-08-01T19:52:05","modified_gmt":"2024-08-01T19:52:05","slug":"contacto","status":"publish","type":"page","link":"https:\/\/cglpanama.net\/en\/contacto\/","title":{"rendered":"Contact"},"content":{"rendered":"<div data-elementor-type=\"wp-page\" data-elementor-id=\"1011\" class=\"elementor elementor-1011\">\n\t\t\t\t\t\t<section class=\"elementor-section elementor-top-section elementor-element elementor-element-f31af09 elementor-section-full_width elementor-section-height-default elementor-section-height-default\" data-id=\"f31af09\" data-element_type=\"section\">\n\t\t\t\t\t\t<div class=\"elementor-container elementor-column-gap-default\">\n\t\t\t\t\t<div class=\"elementor-column elementor-col-100 elementor-top-column elementor-element elementor-element-61d0157\" data-id=\"61d0157\" data-element_type=\"column\">\n\t\t\t<div class=\"elementor-widget-wrap elementor-element-populated\">\n\t\t\t\t\t\t<div class=\"elementor-element elementor-element-4e7a4bb elementor-widget elementor-widget-fastrans_contact_us\" data-id=\"4e7a4bb\" data-element_type=\"widget\" data-widget_type=\"fastrans_contact_us.default\">\n\t\t\t\t<div class=\"elementor-widget-container\">\n\t\t\t\t\n    <!-- Start of contact page section\n\t============================================= -->\n\t<section id=\"ft-contact-page\" class=\"ft-contact-page-section page-padding\">\n\t\t<div class=\"container\">\n\t\t\t<div class=\"ft-contact-page-content\">\n\t\t\t\t<div class=\"row\">\n\t\t\t\t\t<div class=\"col-lg-6\">\n\t\t\t\t\t\t<div class=\"ft-contact-page-text-wrapper\">\n\t\t\t\t\t\t\t                            <div class=\"ft-section-title-2 headline pera-content\">\n\t\t\t\t\t\t\t\t<span class=\"sub-title\">HAPPY TO ASSIST YOU<\/span>\t\t\t\t\t\t\t\t<h2>Please contact us to help you with whatever you need.<\/h2>\t\t\t\t\t\t\t<\/div>\n\t\t\t\t\t\t\t                            <div class=\"ft-contact-page-contact-info\">\n\t\t\t\t\t\t\t\t                                <div class=\"ft-contact-cta-items d-flex\">\n\t\t\t\t\t\t\t\t\t<div class=\"ft-contact-cta-icon d-flex align-items-center justify-content-center\">\n\t\t\t\t\t\t\t\t\t\t<i class=\"fal fa-map-marked-alt\"><\/i>\n\t\t\t\t\t\t\t\t\t<\/div>\n\t\t\t\t\t\t\t\t\t<div class=\"ft-contact-cta-text headline pera-content\">\n\t\t\t\t\t\t\t\t\t\t<h3>Address<\/h3>\n\t\t\t\t\t\t\t\t\t\t<p>Ave. 17C Norte, Casa 7i, Betania, Panam\u00e1<\/p>\t\t\t\t\t\t\t\t\t<\/div>\n\t\t\t\t\t\t\t\t<\/div>\n                                                                <div class=\"ft-contact-cta-items d-flex\">\n\t\t\t\t\t\t\t\t\t<div class=\"ft-contact-cta-icon d-flex align-items-center justify-content-center\">\n\t\t\t\t\t\t\t\t\t\t<i class=\"fal fa-phone-alt\"><\/i>\n\t\t\t\t\t\t\t\t\t<\/div>\n\t\t\t\t\t\t\t\t\t<div class=\"ft-contact-cta-text headline pera-content\">\n\t\t\t\t\t\t\t\t\t\t<h3>Phones<\/h3>\n\t\t\t\t\t\t\t\t\t\t<p>(+507) 236-7299<\/p>\t\t\t\t\t\t\t\t\t\t<p>(+507) 6204-9902<\/p>\t\t\t\t\t\t\t\t\t<\/div>\n\t\t\t\t\t\t\t\t<\/div>\n                                                                <div class=\"ft-contact-cta-items d-flex\">\n\t\t\t\t\t\t\t\t\t<div class=\"ft-contact-cta-icon d-flex align-items-center justify-content-center\">\n\t\t\t\t\t\t\t\t\t\t<i class=\"fal fa-mail-bulk\"><\/i>\n\t\t\t\t\t\t\t\t\t<\/div>\n\t\t\t\t\t\t\t\t\t<div class=\"ft-contact-cta-text headline pera-content\">\n\t\t\t\t\t\t\t\t\t\t<h3>E-Mail<\/h3>\n\t\t\t\t\t\t\t\t\t\t<p>info@cglpanama.net<\/p>\t\t\t\t\t\t\t\t\t\t\t\t\t\t\t\t\t\t\t<\/div>\n\t\t\t\t\t\t\t\t<\/div>\n                                \t\t\t\t\t\t\t<\/div>\n\t\t\t\t\t\t<\/div>\n\t\t\t\t\t<\/div>\n\t\t\t\t\t<div class=\"col-lg-6\">\n\t\t\t\t\t\t<div class=\"ft-contact-page-form-wrapper headline\">\n\t\t\t\t\t\t\t<h3 class=\"text-center\">Quotes with Us<\/h3>                            \n<div class=\"wpcf7 no-js\" id=\"wpcf7-f146-o1\" lang=\"en-US\" dir=\"ltr\">\n<div class=\"screen-reader-response\"><p role=\"status\" aria-live=\"polite\" aria-atomic=\"true\"><\/p> <ul><\/ul><\/div>\n<form action=\"\/en\/wp-json\/wp\/v2\/pages\/1011#wpcf7-f146-o1\" method=\"post\" class=\"wpcf7-form init\" aria-label=\"Contact form\" novalidate=\"novalidate\" data-status=\"init\" data-trp-original-action=\"\/en\/wp-json\/wp\/v2\/pages\/1011#wpcf7-f146-o1\">\n<div style=\"display: none;\">\n<input type=\"hidden\" name=\"_wpcf7\" value=\"146\" \/>\n<input type=\"hidden\" name=\"_wpcf7_version\" value=\"5.8\" \/>\n<input type=\"hidden\" name=\"_wpcf7_locale\" value=\"en_US\" \/>\n<input type=\"hidden\" name=\"_wpcf7_unit_tag\" value=\"wpcf7-f146-o1\" \/>\n<input type=\"hidden\" name=\"_wpcf7_container_post\" value=\"0\" \/>\n<input type=\"hidden\" name=\"_wpcf7_posted_data_hash\" value=\"\" \/>\n<input type=\"hidden\" name=\"_wpcf7_recaptcha_response\" value=\"\" \/>\n<\/div>\n<p><span id=\"wpcf7-69e29c98ee2e8-wrapper\" class=\"wpcf7-form-control-wrap email-703-wrap\" ><label for=\"wpcf7-69e29c98ee2e8-field\" class=\"hp-message\">Please leave this field empty.<\/label><input id=\"wpcf7-69e29c98ee2e8-field\"  class=\"wpcf7-form-control wpcf7-text\" type=\"text\" name=\"email-703\" value=\"\" size=\"40\" tabindex=\"-1\" autocomplete=\"new-password\" \/><\/span>\n<\/p>\n<div class=\"row\">\n\t<div class=\"col-md-12\">\n\t\t<div class=\"wc-input\">\n\t\t\t<p><span>Type of service:<\/span>\n\t\t\t<\/p>\n\t\t\t<div class=\"wc-select position-relative\">\n\t\t\t\t<p><span class=\"wpcf7-form-control-wrap\" data-name=\"menu-784\"><select class=\"wpcf7-form-control wpcf7-select\" aria-invalid=\"false\" name=\"menu-784\"><option value=\"Seleccionar\">Select<\/option><option value=\"Exportaci\u00f3n de carga suelta (LCL)\">Export of loose cargo (LCL)<\/option><option value=\"Exportaci\u00f3n en contenedores (FCL)\">Export container (FCL)<\/option><option value=\"Importaci\u00f3n de carga suelta (LCL)\">Import of loose cargo (LCL)<\/option><option value=\"Importaci\u00f3n en contenedores (FCL)\">Import container (FCL)<\/option><option value=\"Consolidaci\u00f3n de carga\">Consolidation of cargo<\/option><option value=\"Desconsolidaci\u00f3n de carga\">Deconsolidation of cargo<\/option><option value=\"Compras por internet\">Shopping on the internet<\/option><option value=\"Env\u00edos de encomiendas al interior\">Shipments of orders to the interior<\/option><option value=\"Servicio de mudanza\">Moving service<\/option><\/select><\/span>\n\t\t\t\t<\/p>\n\t\t\t<\/div>\n\t\t<\/div>\n\t<\/div>\n\t<div class=\"col-md-6\">\n\t\t<div class=\"wc-input\">\n\t\t\t<p><span>Tu nombre*:<\/span>\n\t\t\t<\/p>\n\t\t\t<div class=\"wc-text-input position-relative\">\n\t\t\t\t<p><span class=\"wpcf7-form-control-wrap\" data-name=\"text-707\"><input size=\"40\" class=\"wpcf7-form-control wpcf7-text\" aria-invalid=\"false\" placeholder=\"\" value=\"\" type=\"text\" name=\"text-707\" \/><\/span>\n\t\t\t\t<\/p>\n\t\t\t<\/div>\n\t\t<\/div>\n\t<\/div>\n\t<div class=\"col-md-6\">\n\t\t<div class=\"wc-input\">\n\t\t\t<p><span>Celular*:<\/span>\n\t\t\t<\/p>\n\t\t\t<div class=\"wc-text-input position-relative\">\n\t\t\t\t<p><span class=\"wpcf7-form-control-wrap\" data-name=\"text-708\"><input size=\"40\" class=\"wpcf7-form-control wpcf7-text\" aria-invalid=\"false\" placeholder=\"\" value=\"\" type=\"text\" name=\"text-708\" \/><\/span>\n\t\t\t\t<\/p>\n\t\t\t<\/div>\n\t\t<\/div>\n\t<\/div>\n<\/div>\n<div class=\"col-md-12\">\n\t<div class=\"wc-input\">\n\t\t<p><span class=\"wpcf7-form-control-wrap\" data-name=\"EmailAddress\"><input size=\"40\" class=\"wpcf7-form-control wpcf7-email wpcf7-validates-as-required wpcf7-text wpcf7-validates-as-email\" aria-required=\"true\" aria-invalid=\"false\" placeholder=\"Correo electr\u00f3nico\" value=\"\" type=\"email\" name=\"EmailAddress\" \/><\/span>\n\t\t<\/p>\n\t<\/div>\n<\/div>\n<div class=\"col-md-12\">\n\t<div class=\"wc-input\">\n\t\t<p><span>What product imports or exports?:<\/span>\n\t\t<\/p>\n\t\t<div class=\"wc-text-input position-relative\">\n\t\t\t<p><span class=\"wpcf7-form-control-wrap\" data-name=\"text-709\"><input size=\"40\" class=\"wpcf7-form-control wpcf7-text\" aria-invalid=\"false\" placeholder=\"\" value=\"\" type=\"text\" name=\"text-709\" \/><\/span>\n\t\t\t<\/p>\n\t\t<\/div>\n\t<\/div>\n<\/div>\n<div class=\"col-md-12\">\n\t<div class=\"wc-input\">\n\t\t<p><span>Weight and approximate measure of cargo:<\/span>\n\t\t<\/p>\n\t\t<div class=\"wc-text-input position-relative\">\n\t\t\t<p><span class=\"wpcf7-form-control-wrap\" data-name=\"text-710\"><input size=\"40\" class=\"wpcf7-form-control wpcf7-text\" aria-invalid=\"false\" placeholder=\"\" value=\"\" type=\"text\" name=\"text-710\" \/><\/span>\n\t\t\t<\/p>\n\t\t<\/div>\n\t<\/div>\n<\/div>\n<div class=\"col-md-12\">\n\t<div class=\"wc-input\">\n\t\t<p><span>Country of origin:<\/span>\n\t\t<\/p>\n\t\t<div class=\"wc-text-input position-relative\">\n\t\t\t<p><span class=\"wpcf7-form-control-wrap\" data-name=\"text-711\"><input size=\"40\" class=\"wpcf7-form-control wpcf7-text\" aria-invalid=\"false\" placeholder=\"\" value=\"\" type=\"text\" name=\"text-711\" \/><\/span>\n\t\t\t<\/p>\n\t\t<\/div>\n\t<\/div>\n<\/div>\n<p><button class=\"text-uppercase\" type=\"submit\">Quote<\/button>\n<\/p><div class=\"wpcf7-response-output\" aria-hidden=\"true\"><\/div>\n<input type=\"hidden\" name=\"trp-form-language\" value=\"en\"\/><\/form>\n<\/div>\n\t\t\t\t\t\t<\/div>\n\t\t\t\t\t<\/div>\n\t\t\t\t<\/div>\n\t\t\t<\/div>\n\t\t<\/div>\n\t<\/section>\t\t\n\t<!-- End of contact page section\n\t============================================= -->\n\t\t\n    \t\t<\/div>\n\t\t\t\t<\/div>\n\t\t\t\t\t<\/div>\n\t\t<\/div>\n\t\t\t\t\t<\/div>\n\t\t<\/section>\n\t\t\t\t<section class=\"elementor-section elementor-top-section elementor-element elementor-element-470eea0 elementor-section-boxed elementor-section-height-default elementor-section-height-default\" data-id=\"470eea0\" data-element_type=\"section\">\n\t\t\t\t\t\t<div class=\"elementor-container elementor-column-gap-default\">\n\t\t\t\t\t<div class=\"elementor-column elementor-col-100 elementor-top-column elementor-element elementor-element-65b6f71\" data-id=\"65b6f71\" data-element_type=\"column\">\n\t\t\t<div class=\"elementor-widget-wrap elementor-element-populated\">\n\t\t\t\t\t\t<div class=\"elementor-element elementor-element-969a327 elementor-widget elementor-widget-google_maps\" data-id=\"969a327\" data-element_type=\"widget\" data-widget_type=\"google_maps.default\">\n\t\t\t\t<div class=\"elementor-widget-container\">\n\t\t\t<style>\/*! elementor - v3.20.0 - 26-03-2024 *\/\n.elementor-widget-google_maps .elementor-widget-container{overflow:hidden}.elementor-widget-google_maps .elementor-custom-embed{line-height:0}.elementor-widget-google_maps iframe{height:300px}<\/style>\t\t<div class=\"elementor-custom-embed\">\n\t\t\t<iframe loading=\"lazy\"\n\t\t\t\t\tdata-src=\"https:\/\/maps.google.com\/maps?q=Compa%25C3%25B1%25C3%25ACa%2Bde%2BTelecomunicaciones%2CS.A.%2C%2BAvenida%2B17C%2BNorte%2B%2526%2C%2BC.%2B74%2BOeste%2C%2BPanam%25C3%25A1%2F&#038;t=m&#038;z=17&#038;output=embed&#038;iwloc=near\"\n\t\t\t\t\ttitle=\"Compa%C3%B1%C3%ACa+de+Telecomunicaciones,S.A.,+Avenida+17C+Norte+%26,+C.+74+Oeste,+Panam%C3%A1\/\"\n\t\t\t\t\taria-label=\"Compa%C3%B1%C3%ACa+de+Telecomunicaciones,S.A.,+Avenida+17C+Norte+%26,+C.+74+Oeste,+Panam%C3%A1\/\"\n\t\t\t src=\"data:image\/gif;base64,R0lGODlhAQABAAAAACH5BAEKAAEALAAAAAABAAEAAAICTAEAOw==\" class=\"lazyload\" data-load-mode=\"1\"><\/iframe>\n\t\t<\/div>\n\t\t\t\t<\/div>\n\t\t\t\t<\/div>\n\t\t\t\t\t<\/div>\n\t\t<\/div>\n\t\t\t\t\t<\/div>\n\t\t<\/section>\n\t\t\t\t<\/div>","protected":false},"excerpt":{"rendered":"<p>ENCANTADOS DE ATENDERTE P\u00f3ngase en contacto con nosotros para ayudarte en lo que necesites. Direcci\u00f3n Ave. 17C Norte, Casa 7i, Betania, Panam\u00e1 Tel\u00e9fonos (+507) 236-7299 (+507) 6204-9902 Correo Electr\u00f3nico info@cglpanama.net Cotiza con Nosotros Please leave this field empty. Tipo de servicio: SeleccionarExportaci\u00f3n de carga suelta (LCL)Exportaci\u00f3n en contenedores (FCL)Importaci\u00f3n de carga suelta (LCL)Importaci\u00f3n en contenedores [&hellip;]<\/p>","protected":false},"author":2,"featured_media":0,"parent":0,"menu_order":0,"comment_status":"closed","ping_status":"closed","template":"tpl-default-elementor.php","meta":{"_joinchat":[],"footnotes":""},"class_list":["post-1011","page","type-page","status-publish","hentry"],"_links":{"self":[{"href":"https:\/\/cglpanama.net\/en\/wp-json\/wp\/v2\/pages\/1011"}],"collection":[{"href":"https:\/\/cglpanama.net\/en\/wp-json\/wp\/v2\/pages"}],"about":[{"href":"https:\/\/cglpanama.net\/en\/wp-json\/wp\/v2\/types\/page"}],"author":[{"embeddable":true,"href":"https:\/\/cglpanama.net\/en\/wp-json\/wp\/v2\/users\/2"}],"replies":[{"embeddable":true,"href":"https:\/\/cglpanama.net\/en\/wp-json\/wp\/v2\/comments?post=1011"}],"version-history":[{"count":10,"href":"https:\/\/cglpanama.net\/en\/wp-json\/wp\/v2\/pages\/1011\/revisions"}],"predecessor-version":[{"id":2885,"href":"https:\/\/cglpanama.net\/en\/wp-json\/wp\/v2\/pages\/1011\/revisions\/2885"}],"wp:attachment":[{"href":"https:\/\/cglpanama.net\/en\/wp-json\/wp\/v2\/media?parent=1011"}],"curies":[{"name":"wp","href":"https:\/\/api.w.org\/{rel}","templated":true}]}}